{"id":9556,"date":"2021-09-17T09:53:21","date_gmt":"2021-09-17T09:53:21","guid":{"rendered":"https:\/\/www.mazdek.ch\/demo-import\/?page_id=9556"},"modified":"2024-03-11T21:27:15","modified_gmt":"2024-03-11T20:27:15","slug":"domande-frequenti","status":"publish","type":"page","link":"https:\/\/royaldoener.ch\/it\/domande-frequenti\/","title":{"rendered":"Domande Frequenti"},"content":{"rendered":"<section class=\"wpb-content-wrapper\"><p>[vc_row kd_background_image_position=&#8221;vc_row-bg-position-top&#8221; el_class=&#8221;zindex with-shadow overflow-hidden&#8221; css=&#8221;.vc_custom_1631199104404{margin-top: -200px !important;margin-right: 15px !important;margin-bottom: 120px !important;margin-left: 15px !important;padding-top: 40px !important;padding-bottom: 40px !important;background-color: #ffffff !important;border-radius: 10px !important;}&#8221; css_tablet_landscape=&#8221;.vc_custom_1631199104404{margin-top: -200px !important;}&#8221; css_tablet_portrait=&#8221;.vc_custom_1631199104404{margin-top: 30px !important;}&#8221; css_mobile=&#8221;.vc_custom_1631199104405{margin-top: 30px !important;}&#8221;][vc_column][vc_row_inner kd_background_image_position=&#8221;vc_row-bg-position-top&#8221; css=&#8221;.vc_custom_1627977556344{padding-bottom: 24px !important;border-radius: 10px !important;}&#8221;][vc_column_inner css=&#8221;.vc_custom_1627977456891{padding-top: 55px !important;padding-right: 40px !important;padding-left: 45px !important;}&#8221; offset=&#8221;vc_col-lg-offset-0 vc_col-lg-6 vc_col-md-offset-0 vc_col-md-12 vc_col-sm-offset-0&#8243; css_tablet_portrait=&#8221;.vc_custom_1627977456892{padding-right: 30px !important;padding-left: 30px !important;}&#8221; css_mobile=&#8221;.vc_custom_1627977456892{padding-right: 30px !important;padding-left: 30px !important;}&#8221;]<header class=\"kd-section-title col-lg-12 text-left  subtitle-below-title kd-animated fadeIn  \" data-animation-delay=200><h3 class=\"separator_off\" >Assicurazione della qualit\u00e0 e produzione<\/h3><h6 class=\"subtitle\" style=\"font-size:16px;\">Siamo qui per assisterti con qualsiasi domanda riguardante l'assicurazione della qualit\u00e0 e la produzione.<\/h6><\/header>[\/vc_column_inner][vc_column_inner css=&#8221;.vc_custom_1631199317522{padding-top: 60px !important;padding-right: 45px !important;background-position: center !important;background-repeat: no-repeat !important;background-size: cover !important;}&#8221; offset=&#8221;vc_col-lg-6&#8243; css_tablet_portrait=&#8221;.vc_custom_1631199317522{padding-top: 0px !important;padding-right: 0px !important;padding-left: 0px !important;}&#8221; css_mobile=&#8221;.vc_custom_1631199317523{padding-top: 0px !important;padding-right: 0px !important;padding-left: 0px !important;}&#8221;][vc_toggle title=&#8221;1. Quale sistema di assicurazione della qualit\u00e0 usa Royal D\u00f6ner?&#8221; css_animation=&#8221;fadeIn&#8221;]Royal D\u00f6ner implementa il concetto HACCP (Hazard Analysis Critical Control Points).[\/vc_toggle][vc_toggle title=&#8221;2. In cosa consiste il concetto HACCP?&#8221; css_animation=&#8221;fadeIn&#8221;]Il concetto HACCP include controlli in tutte le fasi della produzione alimentare, dalla fabbricazione alla distribuzione e allo stoccaggio.[\/vc_toggle][vc_toggle title=&#8221;3. Da dove Royal D\u00f6ner ottiene le sue materie prime?&#8221; css_animation=&#8221;fadeIn&#8221;]Royal D\u00f6ner ottiene le sue materie prime esclusivamente da produttori con assicurazione di qualit\u00e0.[\/vc_toggle][vc_toggle title=&#8221;4. Come vengono conservati i doner dopo il processo di lavorazione?&#8221; css_animation=&#8221;fadeIn&#8221;]I doner vengono congelati rapidamente dopo il processo di lavorazione e conservati nel nostro magazzino freezer interno, dove vengono sottoposti a controlli di qualit\u00e0 regolari.[\/vc_toggle][\/vc_column_inner][\/vc_row_inner][vc_separator color=&#8221;custom&#8221; accent_color=&#8221;#e7e7e7&#8243; css=&#8221;.vc_custom_1627977601689{padding-right: 45px !important;padding-left: 45px !important;}&#8221;][vc_row_inner kd_background_image_position=&#8221;vc_row-bg-position-top&#8221; css=&#8221;.vc_custom_1627977556344{padding-bottom: 24px !important;border-radius: 10px !important;}&#8221;][vc_column_inner css=&#8221;.vc_custom_1627977456891{padding-top: 55px !important;padding-right: 40px !important;padding-left: 45px !important;}&#8221; offset=&#8221;vc_col-lg-offset-0 vc_col-lg-6 vc_col-md-offset-0 vc_col-md-12 vc_col-sm-offset-0&#8243; css_tablet_portrait=&#8221;.vc_custom_1627977456892{padding-right: 30px !important;padding-left: 30px !important;}&#8221; css_mobile=&#8221;.vc_custom_1627977456892{padding-right: 30px !important;padding-left: 30px !important;}&#8221;]<header class=\"kd-section-title col-lg-12 text-left  subtitle-below-title kd-animated fadeIn  \" data-animation-delay=200><h3 class=\"separator_off\" >Avvisi legali e protezione dei dati<\/h3><h6 class=\"subtitle\" style=\"font-size:16px;\">Questa sezione fornisce informazioni sui nostri Termini e Condizioni, Informativa sulla Privacy, Politica sui Cookie e altri aspetti legali.<\/h6><\/header>[\/vc_column_inner][vc_column_inner css=&#8221;.vc_custom_1631199325000{padding-top: 60px !important;padding-right: 45px !important;background-position: center !important;background-repeat: no-repeat !important;background-size: cover !important;}&#8221; offset=&#8221;vc_col-lg-6&#8243; css_tablet_portrait=&#8221;.vc_custom_1631199325000{padding-top: 0px !important;padding-right: 0px !important;padding-left: 0px !important;}&#8221; css_mobile=&#8221;.vc_custom_1631199325001{padding-top: 0px !important;padding-right: 0px !important;padding-left: 0px !important;}&#8221;][vc_toggle title=&#8221;1. Quali termini si applicano all&#8217;uso del sito web di Royal D\u00f6ner?&#8221; css_animation=&#8221;fadeIn&#8221;]I termini per l&#8217;utilizzo del nostro sito web si trovano nei nostri Termini e Condizioni.[\/vc_toggle][vc_toggle title=&#8221;2. Come gestisce Royal D\u00f6ner i miei dati personali?&#8221; css_animation=&#8221;fadeIn&#8221;]Le informazioni riguardanti il trattamento dei tuoi dati personali possono essere trovate nella nostra Informativa sulla Privacy.[\/vc_toggle][vc_toggle title=&#8221;3. Quali cookie vengono utilizzati sul sito web di Royal D\u00f6ner?&#8221; css_animation=&#8221;fadeIn&#8221;]La nostra Politica sui Cookie contiene informazioni dettagliate sui cookie che utilizziamo e su come \u00e8 possibile regolare le impostazioni dei cookie.[\/vc_toggle][vc_toggle title=&#8221;4. Quali misure di sicurezza adotta Royal D\u00f6ner per proteggere i miei dati?&#8221; css_animation=&#8221;fadeIn&#8221;]Implementiamo ampie misure di sicurezza per proteggere i tuoi dati dall&#8217;accesso non autorizzato o dall&#8217;abuso. Per ulteriori dettagli, ti invitiamo a consultare la nostra Informativa sulla Privacy.[\/vc_toggle][\/vc_column_inner][\/vc_row_inner][\/vc_column][\/vc_row][vc_row kd_background_image_position=&#8221;vc_row-bg-position-top&#8221; css=&#8221;.vc_custom_1627978352232{margin-top: 20px !important;padding-bottom: 20px !important;}&#8221;][vc_column css=&#8221;.vc_custom_1627978082804{padding-right: 0px !important;padding-left: 0px !important;}&#8221; css_tablet_landscape=&#8221;.vc_custom_1627978082804{margin-top: 50px !important;}&#8221; css_tablet_portrait=&#8221;.vc_custom_1627978082804{margin-top: -60px !important;}&#8221; css_mobile=&#8221;.vc_custom_1627978082805{margin-top: -90px !important;}&#8221;][vc_row_inner kd_background_image_position=&#8221;vc_row-bg-position-top&#8221; css=&#8221;.vc_custom_1627978063259{padding-top: 0px !important;}&#8221;][vc_column_inner width=&#8221;1\/4&#8243; offset=&#8221;vc_col-lg-3 vc_col-md-6&#8243;]<div class=\"cb-container  content-center   kd-animated fadeInUp panel-trigger-btn\" data-animation-delay=200><div class=\"cb-wrapper\" style=\"background-color: #fff;\"><div class=\"cb-img-area\"><i class=\"fas fa-comment\" style=\"font-size: 40px; \"><\/i> <\/div><div class=\"cb-text-area\">\n                      <h4 class=\"cb-heading\" >Risposta rapida<\/h4><p >Puoi inviarci rapidamente e facilmente un messaggio diretto qui.<\/p><a class=\"cb-simple-link\" href=\"https:\/\/royaldoener.ch\/en\/kontakt\" target=\"_blank\"><\/a><\/div><\/div><\/div>[\/vc_column_inner][vc_column_inner width=&#8221;1\/4&#8243; offset=&#8221;vc_col-lg-3 vc_col-md-6&#8243;]<div class=\"cb-container  content-center   kd-animated fadeInUp\" data-animation-delay=400><div class=\"cb-wrapper\" style=\"background-color: #fff;\"><div class=\"cb-img-area\"><i class=\"iconsmind-Old-Telephone iconsmind-Communications-Network\" style=\"font-size: 40px; \"><\/i> <\/div><div class=\"cb-text-area\">\n                      <h4 class=\"cb-heading\" >Parliamo<\/h4><p >Il nostro team \u00e8 qui per te, per ascoltare e trovare soluzioni.<\/p><a class=\"cb-simple-link\" href=\"tel:+41522330200\" target=\"_blank\" ><\/a><\/div><\/div><\/div>[\/vc_column_inner][vc_column_inner width=&#8221;1\/4&#8243; offset=&#8221;vc_col-lg-3 vc_col-md-6&#8243;]<div class=\"cb-container  content-center   kd-animated fadeInUp\" data-animation-delay=600><div class=\"cb-wrapper\" style=\"background-color: #fff;\"><div class=\"cb-img-area\"><i class=\"iconsmind-Facebook-2 iconsmind-Social-Media\" style=\"font-size: 40px; \"><\/i> <\/div><div class=\"cb-text-area\">\n                      <h4 class=\"cb-heading\" >Social Media<\/h4><p >Siamo entusiasti di connetterci con te sui social media.<\/p><a class=\"cb-simple-link\" href=\"https:\/\/www.facebook.com\/royaldoener\" target=\"_blank\" rel=\"noopener\"><\/a><\/div><\/div><\/div>[\/vc_column_inner][vc_column_inner width=&#8221;1\/4&#8243; offset=&#8221;vc_col-lg-3 vc_col-md-6&#8243;]<div class=\"cb-container  content-center   kd-animated fadeInUp\" data-animation-delay=800><div class=\"cb-wrapper\" style=\"background-color: #fff;\"><div class=\"cb-img-area\"><i class=\"iconsmind-Support iconsmind-User-Interface\" style=\"font-size: 40px; \"><\/i> <\/div><div class=\"cb-text-area\">\n                      <h4 class=\"cb-heading\" >Supporto<\/h4><p >Ti offriamo prontamente aiuto e supporto per le tue preoccupazioni.<\/p><a class=\"cb-simple-link\" href=\"https:\/\/royaldoener.ch\/en\/kontakt\" target=\"_blank\"><\/a><\/div><\/div><\/div>[\/vc_column_inner][\/vc_row_inner][\/vc_column][\/vc_row][vc_row full_width=&#8221;stretch_row&#8221; kd_background_image_position=&#8221;vc_row-bg-position-top&#8221; css=&#8221;.vc_custom_1631199373559{padding-top: 60px !important;padding-bottom: 70px !important;}&#8221; css_tablet_portrait=&#8221;.vc_custom_1631199373560{padding-top: 50px !important;padding-bottom: 50px !important;}&#8221; css_mobile=&#8221;.vc_custom_1631199373560{padding-top: 50px !important;padding-bottom: 50px !important;}&#8221;][vc_column][vc_row_inner kd_background_image_position=&#8221;vc_row-bg-position-top&#8221;][vc_column_inner]<div data-speed=\"3000\" class=\"kd-text-rotator kd-rotatorid-69dff4851d262 text-center \"><h2 class=\"kd-text-rotator-container slide\" style=\"\">Hai in mente un nuovo progetto? <span class=\"kd-rotator-wrapper\"><span class=\"rotator-single is-visible\">Inizia oggi!<\/span><span class=\"rotator-single \">Partecipa!<\/span><span class=\"rotator-single \">Facciamo una chiacchierata!<\/span><\/span><\/h2><\/div><header class=\"kd-section-title col-lg-12 text-center  subtitle-below-title kd-animated fadeIn   vc_custom_1710013012298\" data-animation-delay=200><h6 class=\"subtitle\" >Partendo per un nuovo progetto? Lanciamoci! Con noi al tuo fianco, i tuoi sogni possono diventare realt\u00e0. Il nostro team dedicato \u00e8 qui per sostenerti lungo tutto il percorso, dall'ideazione al completamento. Ascoltiamo attentamente, comprendiamo la tua visione e forniamo soluzioni su misura. Facciamolo accadere!<\/h6><\/header><a   class=\"tt_button tt_primary_button btn_primary_color  button-center panel-trigger-btn   kd-animated zoomIn add-margin-right\" data-animation-delay=200><span class=\"prim_text\">Contatto<\/span><\/a>[\/vc_column_inner][\/vc_row_inner][\/vc_column][\/vc_row]<\/p>\n<\/section>","protected":false},"excerpt":{"rendered":"<p>[vc_row kd_background_image_position=&#8221;vc_row-bg-position-top&#8221; el_class=&#8221;zindex with-shadow overflow-hidden&#8221; css=&#8221;.vc_custom_1631199104404{margin-top: -200px !important;margin-right: 15px !important;margin-bottom: 120px !important;margin-left: 15px !important;padding-top: 40px !important;padding-bottom: 40px !important;background-color: #ffffff !important;border-radius: [&hellip;]<\/p>\n","protected":false},"author":1,"featured_media":0,"parent":0,"menu_order":0,"comment_status":"closed","ping_status":"closed","template":"","meta":{"footnotes":""},"class_list":["post-9556","page","type-page","status-publish","hentry"],"_links":{"self":[{"href":"https:\/\/royaldoener.ch\/it\/wp-json\/wp\/v2\/pages\/9556","targetHints":{"allow":["GET"]}}],"collection":[{"href":"https:\/\/royaldoener.ch\/it\/wp-json\/wp\/v2\/pages"}],"about":[{"href":"https:\/\/royaldoener.ch\/it\/wp-json\/wp\/v2\/types\/page"}],"author":[{"embeddable":true,"href":"https:\/\/royaldoener.ch\/it\/wp-json\/wp\/v2\/users\/1"}],"replies":[{"embeddable":true,"href":"https:\/\/royaldoener.ch\/it\/wp-json\/wp\/v2\/comments?post=9556"}],"version-history":[{"count":27,"href":"https:\/\/royaldoener.ch\/it\/wp-json\/wp\/v2\/pages\/9556\/revisions"}],"predecessor-version":[{"id":11079,"href":"https:\/\/royaldoener.ch\/it\/wp-json\/wp\/v2\/pages\/9556\/revisions\/11079"}],"wp:attachment":[{"href":"https:\/\/royaldoener.ch\/it\/wp-json\/wp\/v2\/media?parent=9556"}],"curies":[{"name":"wp","href":"https:\/\/api.w.org\/{rel}","templated":true}]}}