{"id":9554,"date":"2021-09-17T09:49:48","date_gmt":"2021-09-17T09:49:48","guid":{"rendered":"https:\/\/www.mazdek.ch\/demo-import\/?page_id=9554"},"modified":"2024-03-11T21:24:09","modified_gmt":"2024-03-11T20:24:09","slug":"lavori","status":"publish","type":"page","link":"https:\/\/royaldoener.ch\/it\/lavori\/","title":{"rendered":"Lavori"},"content":{"rendered":"<section class=\"wpb-content-wrapper\"><p>[vc_row full_width=&#8221;stretch_row_content_no_spaces&#8221; kd_background_image_position=&#8221;vc_row-bg-position-top&#8221; el_class=&#8221;hide-bg-on-mobile&#8221; css_tablet_portrait=&#8221;.vc_custom_1606131156444{padding-top: 0px !important;}&#8221; css_mobile=&#8221;.vc_custom_1606131156446{padding-top: 0px !important;}&#8221;][vc_column css=&#8221;.vc_custom_1513003956648{padding-top: 0px !important;}&#8221;][vc_row_inner full_width=&#8221;inner_row_contained&#8221; kd_background_image_position=&#8221;vc_row-bg-position-top&#8221; kd_background_overlay=&#8221;true&#8221; el_class=&#8221;border-bottom-radius&#8221; css=&#8221;.vc_custom_1627491521454{margin-right: 60px !important;margin-left: 60px !important;padding-top: 240px !important;padding-bottom: 170px !important;border-radius: 50px !important;}&#8221; css_tablet_portrait=&#8221;.vc_custom_1627491521455{margin-right: 0px !important;margin-left: 0px !important;padding-top: 100px !important;padding-right: 15px !important;padding-bottom: 100px !important;padding-left: 15px !important;}&#8221; css_mobile=&#8221;.vc_custom_1627491521455{margin-right: 0px !important;margin-left: 0px !important;padding-top: 100px !important;padding-right: 15px !important;padding-bottom: 120px !important;padding-left: 15px !important;}&#8221; css_tablet_landscape=&#8221;.vc_custom_1627491521455{margin-right: 0px !important;margin-left: 0px !important;padding-top: 200px !important;padding-bottom: 100px !important;}&#8221;][vc_column_inner width=&#8221;1\/2&#8243; css=&#8221;.vc_custom_1627490784948{padding-top: 50px !important;padding-left: 0px !important;}&#8221; css_tablet_portrait=&#8221;.vc_custom_1627490784949{padding-top: 0px !important;}&#8221; css_mobile=&#8221;.vc_custom_1627490784949{padding-top: 0px !important;}&#8221;]<header class=\"kd-section-title col-lg-12 text-left  subtitle-below-title kd-animated fadeIn   vc_custom_1710015314798\" data-animation-delay=200><h1 class=\"separator_off\" style=\"font-size: 70px;line-height: 80px;margin-bottom:40px;\">Cerchi una nuova <span style=\"color:#F2B910;\">carriera<\/span>?<\/h1><h6 class=\"subtitle\" style=\"font-size:20px;\">La vita presso Royal D\u00f6ner? Semplicemente magnifica!<\/h6><\/header><a  href=\"#form\"  class=\"tt_button tt_primary_button btn_primary_color  btn-align-left button-scroll-to-section icon_right  vc_custom_1710015342523 kd-animated zoomIn btn-smooth-scroll\" data-animation-delay=200><span class=\"prim_text\">Visualizza le Posizioni Aperte<\/span><span class=\"fas fa-chevron-right iconita\" ><\/span><\/a><div class=\"scroll-down-wrapper  kd-animated fadeInUp  vc_custom_1606132150367\" data-animation-delay=400><a href=\"#first-section\" class=\"scroll-down-arrow btn-smooth-scroll\"  aria-label=\"Scroll down\"><\/a><\/div>[\/vc_column_inner][vc_column_inner width=&#8221;1\/2&#8243; css=&#8221;.vc_custom_1606131467300{padding-top: 20px !important;padding-right: 0px !important;}&#8221; css_tablet_portrait=&#8221;.vc_custom_1606131467302{padding-top: 0px !important;padding-right: 15px !important;padding-left: 15px !important;}&#8221; css_mobile=&#8221;.vc_custom_1606131467302{padding-top: 50px !important;padding-right: 0px !important;padding-left: 0px !important;}&#8221;]<div class=\"kd-photo-group group-layout-center-right large-shadow enable-parallax\">\n                <div class=\"kd-group-image first-image-wrapper\"><div class=\"kd-group-image-animation kd-animated fadeInDown\" data-animation-delay=200><img loading=\"lazy\" decoding=\"async\" width=\"370\" height=\"390\" src=\"https:\/\/royaldoener.ch\/it\/wp-content\/uploads\/2023\/05\/royal-jobs2-1.jpg\" class=\"attachment-full\" alt=\"\" title=\"royal-jobs2\" srcset=\"https:\/\/royaldoener.ch\/it\/wp-content\/uploads\/2023\/05\/royal-jobs2-1.jpg 370w, https:\/\/royaldoener.ch\/it\/wp-content\/uploads\/2023\/05\/royal-jobs2-1-285x300.jpg 285w\" sizes=\"auto, (max-width: 370px) 100vw, 370px\" \/><\/div><\/div>\n                <div class=\"kd-group-image second-image-wrapper\" style=\"bottom: -30%;\"><div class=\"kd-group-image-animation kd-animated fadeInUp\" data-animation-delay=200><img loading=\"lazy\" decoding=\"async\" width=\"370\" height=\"390\" src=\"https:\/\/royaldoener.ch\/it\/wp-content\/uploads\/2023\/05\/royal-jobs1-1.jpg\" class=\"attachment-full\" alt=\"\" title=\"royal-jobs1\" srcset=\"https:\/\/royaldoener.ch\/it\/wp-content\/uploads\/2023\/05\/royal-jobs1-1.jpg 370w, https:\/\/royaldoener.ch\/it\/wp-content\/uploads\/2023\/05\/royal-jobs1-1-285x300.jpg 285w\" sizes=\"auto, (max-width: 370px) 100vw, 370px\" \/><\/div><\/div>\n            <\/div><div class=\"kd-shapes shape_dots with-parallax kd-animated fadeIn\" style=\"top: -40px;left: 77px;width: 309px;height: 173px;\" data-parallax-speed=\"0.1\" data-animation-delay=400><\/div><div class=\"kd-shapes shape_dots with-parallax kd-animated fadeIn\" style=\"right: -147px;bottom: -30px;width: 172px;height: 222px;\" data-parallax-speed=\"0.15\" data-animation-delay=400><\/div>[\/vc_column_inner][\/vc_row_inner][\/vc_column][\/vc_row][vc_row full_width=&#8221;stretch_row&#8221; kd_background_image_position=&#8221;vc_row-bg-position-top&#8221; css=&#8221;.vc_custom_1627491615189{padding-top: 40px !important;}&#8221; el_id=&#8221;first-section&#8221;][vc_column css=&#8221;.vc_custom_1516008233239{padding-right: 0px !important;padding-left: 0px !important;}&#8221;]<div class=\"kd-calltoaction\" >\n                <div class=\"container\">\n                  <div class=\"cta-text-container kd-animated fadeIn\" data-animation-delay=\"200\"><div class=\"cta-text\"><h2 >Quali Sono i Vantaggi?<\/h2><p >Come membro del team presso Royal D\u00f6ner, potrai godere di una variet\u00e0 di vantaggi, tra cui opportunit\u00e0 di crescita professionale, un ambiente di lavoro solidale, orari flessibili, sconti per il personale e una cultura aziendale inclusiva.<\/p><\/div>\n                    <\/div>\n                    <div class=\"cta-btncontainer\"><a href=\"#form\"  title=\"\" class=\"tt_button tt_primary_button btn_primary_color  button-action-link icon_right kd-animated zoomIn\" data-animation-delay=\"200\">Unisciti alla squadra<span class=\"fas fa-chevron-right iconita\" ><\/span><\/a><\/div>\n                <\/div>\n            <\/div>[vc_row_inner kd_background_image_position=&#8221;vc_row-bg-position-top&#8221; css=&#8221;.vc_custom_1598637839887{padding-bottom: 30px !important;}&#8221; css_tablet_portrait=&#8221;.vc_custom_1598637839888{padding-bottom: 0px !important;}&#8221; css_mobile=&#8221;.vc_custom_1598637839889{padding-bottom: 0px !important;}&#8221; css_tablet_landscape=&#8221;.vc_custom_1598637839888{padding-bottom: 0px !important;}&#8221;][vc_column_inner width=&#8221;1\/3&#8243;]<div class=\"key-icon-box icon-default icon-left cont-left ib-hover-1     icon-no-background icon-no-border kd-animated fadeInUp\" style=\"background-color: #f4f5fd;\" data-animation-delay=200><div class=\"ib-wrapper\" style=\"padding-top:45px;padding-bottom:45px;padding-left:35px;padding-right:35px;background-color:#f4f5fd;\"><div class=\"ib-simple-icon-wrapper\" ><i class=\"fas fa-percentage\" style=\"font-size: 40px;\"><\/i> <\/div><h5 class=\"service-heading\" >Sconti Per I Dipendenti<\/h5><p style=\"font-size: 17px;\">Come parte apprezzata e preziosa della famiglia Royal D\u00f6ner, potrai godere di sconti esclusivi presso tutte le nostre sedi ristorative.<\/p><\/div><\/div>[\/vc_column_inner][vc_column_inner width=&#8221;1\/3&#8243;]<div class=\"key-icon-box icon-default icon-left cont-left ib-hover-1     icon-no-background icon-no-border kd-animated fadeInUp\" style=\"background-color: #f4f5fd;\" data-animation-delay=200><div class=\"ib-wrapper\" style=\"padding-top:45px;padding-bottom:45px;padding-left:35px;padding-right:35px;background-color:#f4f5fd;\"><div class=\"ib-simple-icon-wrapper\" ><i class=\"fas fa-users\" style=\"font-size: 40px;\"><\/i> <\/div><h5 class=\"service-heading\" >Ambiente Di Lavoro<\/h5><p style=\"font-size: 17px;\">La nostra cultura si basa sulla collegialit\u00e0 e sul sostegno reciproco, con un forte emphasis sul coltivare lo spirito di squadra.<\/p><\/div><\/div>[\/vc_column_inner][vc_column_inner width=&#8221;1\/3&#8243;]<div class=\"key-icon-box icon-default icon-left cont-left ib-hover-1     icon-no-background icon-no-border kd-animated fadeInUp\" style=\"background-color: #f4f5fd;\" data-animation-delay=600><div class=\"ib-wrapper\" style=\"padding-top:45px;padding-bottom:45px;padding-left:35px;padding-right:35px;background-color:#f4f5fd;\"><div class=\"ib-simple-icon-wrapper\" ><i class=\"fas fa-clock\" style=\"font-size: 40px;\"><\/i> <\/div><h5 class=\"service-heading\" >Orari Flessibili<\/h5><p style=\"font-size: 17px;\">Offriamo orari di lavoro altamente flessibili per aiutarti a bilanciare al meglio la tua vita professionale e personale in modo armonioso.<\/p><\/div><\/div>[\/vc_column_inner][\/vc_row_inner][vc_row_inner kd_background_image_position=&#8221;vc_row-bg-position-top&#8221; css=&#8221;.vc_custom_1631201193384{padding-bottom: 100px !important;}&#8221; css_tablet_portrait=&#8221;.vc_custom_1631201193385{padding-bottom: 70px !important;}&#8221; css_mobile=&#8221;.vc_custom_1631201193385{padding-bottom: 70px !important;}&#8221;][vc_column_inner width=&#8221;1\/3&#8243;]<div class=\"key-icon-box icon-default icon-left cont-left ib-hover-1     icon-no-background icon-no-border kd-animated fadeInUp\" style=\"background-color: #f4f5fd;\" data-animation-delay=600><div class=\"ib-wrapper\" style=\"padding-top:45px;padding-bottom:45px;padding-left:35px;padding-right:35px;background-color:#f4f5fd;\"><div class=\"ib-simple-icon-wrapper\" ><i class=\"fas fa-check-double\" style=\"font-size: 40px;\"><\/i> <\/div><h5 class=\"service-heading\" >Diversit\u00e0 e Inclusione<\/h5><p style=\"font-size: 17px;\">Siamo orgogliosi della nostra forza lavoro diversificata e promuoviamo attivamente una cultura di rispetto in cui tutti sono i benvenuti.<\/p><\/div><\/div>[\/vc_column_inner][vc_column_inner width=&#8221;1\/3&#8243;]<div class=\"key-icon-box icon-default icon-left cont-left ib-hover-1     icon-no-background icon-no-border kd-animated fadeInUp\" style=\"background-color: #f4f5fd;\" data-animation-delay=400><div class=\"ib-wrapper\" style=\"padding-top:45px;padding-bottom:45px;padding-left:35px;padding-right:35px;background-color:#f4f5fd;\"><div class=\"ib-simple-icon-wrapper\" ><i class=\"fas fa-tasks\" style=\"font-size: 40px;\"><\/i> <\/div><h5 class=\"service-heading\" >Crescita Professionale<\/h5><p style=\"font-size: 17px;\">Royal D\u00f6ner offre opportunit\u00e0 di sviluppo professionale attraverso formazioni interne, opportunit\u00e0 di crescita e programmi di mentoring.<\/p><\/div><\/div>[\/vc_column_inner][vc_column_inner width=&#8221;1\/3&#8243;]<div class=\"key-icon-box icon-default icon-left cont-left ib-hover-1     icon-no-background icon-no-border kd-animated fadeInUp\" style=\"background-color: #f4f5fd;\" data-animation-delay=400><div class=\"ib-wrapper\" style=\"padding-top:45px;padding-bottom:45px;padding-left:35px;padding-right:35px;background-color:#f4f5fd;\"><div class=\"ib-simple-icon-wrapper\" ><i class=\"fas fa-heartbeat\" style=\"font-size: 40px;\"><\/i> <\/div><h5 class=\"service-heading\" >Salute<\/h5><p style=\"font-size: 17px;\">Poniamo grande enfasi sulla salute e sicurezza dei nostri dipendenti, come riflesso nei nostri elevati standard e pratiche.<\/p><\/div><\/div>[\/vc_column_inner][\/vc_row_inner][\/vc_column][\/vc_row][vc_row kd_background_image_position=&#8221;vc_row-bg-position-top&#8221;][vc_column][vc_separator color=&#8221;custom&#8221; accent_color=&#8221;#e7e7e7&#8243;][\/vc_column][\/vc_row][vc_row full_width=&#8221;stretch_row&#8221; kd_background_image_position=&#8221;vc_row-bg-position-top&#8221; el_class=&#8221;zindex with-gradient&#8221; css=&#8221;.vc_custom_1684229956552{padding-top: 100px !important;padding-bottom: 100px !important;}&#8221; el_id=&#8221;form&#8221;][vc_column]<header class=\"kd-section-title col-lg-12 text-center  subtitle-below-title kd-animated fadeIn   vc_custom_1710015685756\" data-animation-delay=200><h2 class=\"separator_off\" style=\"font-size: 38px;line-height: 48px;\">Attualmente non ci sono posizioni aperte disponibili.<\/h2><h6 class=\"subtitle\" >Anche se al momento non abbiamo posizioni aperte, siamo sempre desiderosi di scoprire nuovi talenti. Non esitare a inviare una candidatura speculativa e, qualora si presentasse un'opportunit\u00e0 adatta nel tuo campo di interesse, ci metteremo sicuramente in contatto. Attendiamo con impazienza la tua candidatura. Per candidarti, clicca semplicemente sul pulsante qui sotto e condividi con noi la tua candidatura completa e i documenti pertinenti.<\/h6><\/header>[vc_row_inner kd_background_image_position=&#8221;vc_row-bg-position-top&#8221; css=&#8221;.vc_custom_1602841649135{margin-right: 120px !important;margin-left: 120px !important;padding-bottom: 30px !important;background-color: #ffffff !important;border-radius: 10px !important;}&#8221; el_class=&#8221;with-grey-shadow overflow-hidden&#8221; css_tablet_portrait=&#8221;.vc_custom_1602841649136{margin-right: 0px !important;margin-left: 0px !important;}&#8221; css_mobile=&#8221;.vc_custom_1602841649137{margin-right: 0px !important;margin-left: 0px !important;}&#8221;][vc_column_inner css=&#8221;.vc_custom_1602672546726{padding-top: 70px !important;padding-right: 60px !important;padding-bottom: 23px !important;padding-left: 60px !important;}&#8221; offset=&#8221;vc_col-lg-offset-0 vc_col-lg-12 vc_col-md-offset-0 vc_col-md-12 vc_col-sm-offset-0&#8243; css_tablet_portrait=&#8221;.vc_custom_1602672546727{padding-right: 30px !important;padding-left: 30px !important;}&#8221; css_mobile=&#8221;.vc_custom_1602672546728{padding-right: 30px !important;padding-left: 30px !important;}&#8221;]<header class=\"kd-section-title col-lg-12 text-center  subtitle-below-title kd-animated fadeIn  \" data-animation-delay=200><h4 class=\"separator_off\" >Completa il Modulo<\/h4><\/header><div class=\"kd-contact-form full-width-cf  cf-with-border   kd-animated fadeIn\" data-animation-delay=200>\n<div class=\"wpcf7 no-js\" id=\"wpcf7-f9952-o1\" lang=\"de-CH\" dir=\"ltr\" data-wpcf7-id=\"9952\">\n<div class=\"screen-reader-response\"><p role=\"status\" aria-live=\"polite\" aria-atomic=\"true\"><\/p> <ul><\/ul><\/div>\n<form action=\"\/it\/wp-json\/wp\/v2\/pages\/9554#wpcf7-f9952-o1\" method=\"post\" class=\"wpcf7-form init\" aria-label=\"Contact form\" enctype=\"multipart\/form-data\" novalidate=\"novalidate\" data-status=\"init\">\n<div style=\"display: none;\">\n<input type=\"hidden\" name=\"_wpcf7\" value=\"9952\" \/>\n<input type=\"hidden\" name=\"_wpcf7_version\" value=\"6.0.3\" \/>\n<input type=\"hidden\" name=\"_wpcf7_locale\" value=\"de_CH\" \/>\n<input type=\"hidden\" name=\"_wpcf7_unit_tag\" value=\"wpcf7-f9952-o1\" \/>\n<input type=\"hidden\" name=\"_wpcf7_container_post\" value=\"0\" \/>\n<input type=\"hidden\" name=\"_wpcf7_posted_data_hash\" value=\"\" \/>\n<input type=\"hidden\" name=\"_wpcf7_recaptcha_response\" value=\"\" \/>\n<\/div>\n<div class=\"cf-section\">\n\t<h5>Informazioni Personali\n\t<\/h5>\n\t<div class=\"row\">\n\t\t<div class=\"col-xs-12 col-sm-12 col-md-6 col-lg-6\">\n\t\t\t<p><span class=\"wpcf7-form-control-wrap\" data-name=\"your-name\"><input size=\"40\" maxlength=\"400\" class=\"wpcf7-form-control wpcf7-text wpcf7-validates-as-required\" aria-required=\"true\" aria-invalid=\"false\" placeholder=\"Nome*\" value=\"\" type=\"text\" name=\"your-name\" \/><\/span>\n\t\t\t<\/p>\n\t\t<\/div>\n\t\t<div class=\"col-xs-12 col-sm-12 col-md-6 col-lg-6\">\n\t\t\t<p><span class=\"wpcf7-form-control-wrap\" data-name=\"your-email\"><input size=\"40\" maxlength=\"400\" class=\"wpcf7-form-control wpcf7-email wpcf7-validates-as-required wpcf7-text wpcf7-validates-as-email\" aria-required=\"true\" aria-invalid=\"false\" placeholder=\"Email*\" value=\"\" type=\"email\" name=\"your-email\" \/><\/span>\n\t\t\t<\/p>\n\t\t<\/div>\n\t<\/div>\n\t<div class=\"row\">\n\t\t<div class=\"col-xs-12 col-sm-12 col-md-6 col-lg-6\">\n\t\t\t<p><span class=\"wpcf7-form-control-wrap\" data-name=\"your-phone\"><input size=\"40\" maxlength=\"400\" class=\"wpcf7-form-control wpcf7-tel wpcf7-validates-as-required wpcf7-text wpcf7-validates-as-tel\" aria-required=\"true\" aria-invalid=\"false\" placeholder=\"Telefono*\" value=\"\" type=\"tel\" name=\"your-phone\" \/><\/span>\n\t\t\t<\/p>\n\t\t<\/div>\n\t\t<div class=\"col-xs-12 col-sm-12 col-md-6 col-lg-6\">\n\t\t\t<p><span class=\"wpcf7-form-control-wrap\" data-name=\"your-address\"><input size=\"40\" maxlength=\"400\" class=\"wpcf7-form-control wpcf7-text wpcf7-validates-as-required\" aria-required=\"true\" aria-invalid=\"false\" placeholder=\"Indirizzo*\" value=\"\" type=\"text\" name=\"your-address\" \/><\/span>\n\t\t\t<\/p>\n\t\t<\/div>\n\t<\/div>\n<\/div>\n<div class=\"cf-section\">\n\t<h5>Informazioni sulla Candidatura\n\t<\/h5>\n\t<div class=\"row\">\n\t\t<div class=\"col-xs-12 col-sm-12 col-md-6 col-lg-6\">\n\t\t\t<p><span class=\"wpcf7-form-control-wrap\" data-name=\"job-position\"><select class=\"wpcf7-form-control wpcf7-select wpcf7-validates-as-required\" aria-required=\"true\" aria-invalid=\"false\" name=\"job-position\"><option value=\"Scegli una posizione\">Scegli una posizione<\/option><option value=\"Vendite interne\">Vendite interne<\/option><option value=\"Responsabile vendite\">Responsabile vendite<\/option><option value=\"Logistico\">Logistico<\/option><option value=\"Operaio di produzione\">Operaio di produzione<\/option><option value=\"Meccanico manutentore\">Meccanico manutentore<\/option><\/select><\/span>\n\t\t\t<\/p>\n\t\t<\/div>\n\t\t<div class=\"col-xs-12 col-sm-12 col-md-6 col-lg-6\">\n\t\t\t<p><span class=\"wpcf7-form-control-wrap\" data-name=\"job-type\"><select class=\"wpcf7-form-control wpcf7-select wpcf7-validates-as-required\" aria-required=\"true\" aria-invalid=\"false\" name=\"job-type\"><option value=\"Tipo di Lavoro\">Tipo di Lavoro<\/option><option value=\"Full-time\">Full-time<\/option><option value=\"Part-time\">Part-time<\/option><option value=\"Temporaneo\">Temporaneo<\/option><\/select><\/span>\n\t\t\t<\/p>\n\t\t<\/div>\n\t<\/div>\n\t<div class=\"row\">\n\t\t<div class=\"col-xs-12 col-sm-12 col-md-6 col-lg-6\">\n\t\t\t<p><span class=\"wpcf7-form-control-wrap\" data-name=\"job-location\"><select class=\"wpcf7-form-control wpcf7-select wpcf7-validates-as-required\" aria-required=\"true\" aria-invalid=\"false\" name=\"job-location\"><option value=\"Localit\u00e0\">Localit\u00e0<\/option><option value=\"Winterthur\">Winterthur<\/option><option value=\"Altro\">Altro<\/option><\/select><\/span>\n\t\t\t<\/p>\n\t\t<\/div>\n\t\t<div class=\"col-xs-12 col-sm-12 col-md-6 col-lg-6\">\n\t\t\t<p><span class=\"wpcf7-form-control-wrap\" data-name=\"your-cv\"><input size=\"40\" class=\"wpcf7-form-control wpcf7-file wpcf7-validates-as-required\" accept=\".pdf,.doc,.docx\" aria-required=\"true\" aria-invalid=\"false\" type=\"file\" name=\"your-cv\" \/><\/span>\n\t\t\t<\/p>\n\t\t<\/div>\n\t<\/div>\n<\/div>\n<div class=\"cf-section\">\n\t<h5>Informazioni Aggiuntive\n\t<\/h5>\n\t<div class=\"row\">\n\t\t<div class=\"col-xs-12 col-sm-12 col-md-12 col-lg-12\">\n\t\t\t<p><span class=\"wpcf7-form-control-wrap\" data-name=\"your-message\"><textarea cols=\"40\" rows=\"10\" maxlength=\"2000\" class=\"wpcf7-form-control wpcf7-textarea\" aria-invalid=\"false\" placeholder=\"Informazioni Aggiuntive\" name=\"your-message\"><\/textarea><\/span>\n\t\t\t<\/p>\n\t\t<\/div>\n\t<\/div>\n<\/div>\n<p><input class=\"wpcf7-form-control wpcf7-submit has-spinner\" type=\"submit\" value=\"Candidati Ora\" \/>\n<\/p><div class=\"wpcf7-response-output\" aria-hidden=\"true\"><\/div>\n<\/form>\n<\/div>\n<\/div>[\/vc_column_inner][\/vc_row_inner][\/vc_column][\/vc_row][vc_row full_width=&#8221;stretch_row&#8221; kd_background_image_position=&#8221;vc_row-bg-position-top&#8221; css=&#8221;.vc_custom_1686494836261{padding-top: 110px !important;background: #21233f url(https:\/\/royaldoener.ch\/en\/wp-content\/uploads\/2023\/06\/Map.png?id=10081) !important;background-position: 0 0 !important;background-repeat: no-repeat !important;}&#8221; el_class=&#8221;background-blend&#8221;][vc_column css=&#8221;.vc_custom_1597665991208{padding-right: 0px !important;padding-left: 0px !important;}&#8221;]<header class=\"kd-section-title col-lg-12 text-center  subtitle-below-title kd-animated fadeIn   vc_custom_1710188626271\" data-animation-delay=200><h2 class=\"separator_off\" style=\"color: #ffffff;\">Chiamaci o vieni a trovarci, siamo qui per te.<br \/>Riceverai una risposta entro 24 ore.<\/h2><\/header>[vc_row_inner kd_background_image_position=&#8221;vc_row-bg-position-top&#8221; css_tablet_portrait=&#8221;.vc_custom_1611231204463{margin-bottom: 50px !important;}&#8221; css_mobile=&#8221;.vc_custom_1611231204463{margin-bottom: 0px !important;}&#8221;][vc_column_inner width=&#8221;1\/4&#8243; offset=&#8221;vc_col-lg-3 vc_col-md-6&#8243;]<div class=\"key-icon-box icon-default icon-top cont-center ib-no-effect    with-border icon-no-background icon-no-border kd-animated fadeInUp panel-trigger-btn\" style=\"background-color: transparent;border: 1px solid rgba(119,122,242,0.3);\" ><a href=\"\" target=\"_self\"><div class=\"ib-wrapper\" style=\"padding-bottom:50px;\"><div class=\"ib-simple-icon-wrapper\" style=\"margin-bottom:30px;\"><i class=\"iconsmind-Speach-BubbleComic2 iconsmind-Speech-Bubbles\" style=\"font-size: 40px;font-weight: 400;\"><\/i> <\/div><h6 class=\"service-heading\" style=\"color: #ffffff;\">Risposta Rapida<\/h6><p style=\"color:#ffffff;\">Puoi inviarci rapidamente e facilmente un messaggio qui.<\/p><\/div><\/a><\/div>[\/vc_column_inner][vc_column_inner width=&#8221;1\/4&#8243; offset=&#8221;vc_col-lg-3 vc_col-md-6&#8243;]<div class=\"key-icon-box icon-default icon-top cont-center ib-no-effect    with-border icon-no-background icon-no-border kd-animated fadeInUp\" style=\"background-color: transparent;border: 1px solid rgba(119,122,242,0.3);\" data-animation-delay=200><a href=\"tel:+41522330200\" target=\"_self\"><div class=\"ib-wrapper\" style=\"padding-bottom:50px;\"><div class=\"ib-simple-icon-wrapper\" style=\"margin-bottom:30px;\"><i class=\"iconsmind-Phone-2 iconsmind-Desktop-apps\" style=\"font-size: 40px;font-weight: 400;\"><\/i> <\/div><h6 class=\"service-heading\" style=\"color: #ffffff;\">Parliamo<\/h6><p style=\"color:#ffffff;\">Il nostro team \u00e8 qui per te, per ascoltare e trovare soluzioni.<\/p><\/div><\/a><\/div>[\/vc_column_inner][vc_column_inner width=&#8221;1\/4&#8243; offset=&#8221;vc_col-lg-3 vc_col-md-6&#8243;]<div class=\"key-icon-box icon-default icon-top cont-center ib-no-effect    with-border icon-no-background icon-no-border kd-animated fadeInUp\" style=\"background-color: transparent;border: 1px solid rgba(119,122,242,0.3);\" data-animation-delay=400><a href=\"https:\/\/www.facebook.com\/royaldoener\" target=\"_blank\" rel=\"noopener\"><div class=\"ib-wrapper\" style=\"padding-bottom:50px;\"><div class=\"ib-simple-icon-wrapper\" style=\"margin-bottom:30px;\"><i class=\"iconsmind-Facebook iconsmind-Social-Media\" style=\"font-size: 40px;font-weight: 400;\"><\/i> <\/div><h6 class=\"service-heading\" style=\"color: #ffffff;\">Social Media<\/h6><p style=\"color:#ffffff;\">Siamo entusiasti di connetterci con te sui social media.<\/p><\/div><\/a><\/div>[\/vc_column_inner][vc_column_inner width=&#8221;1\/4&#8243; offset=&#8221;vc_col-lg-3 vc_col-md-6&#8243;]<div class=\"key-icon-box icon-default icon-top cont-center ib-no-effect    with-border icon-no-background icon-no-border kd-animated fadeInUp\" style=\"background-color: transparent;border: 1px solid rgba(119,122,242,0.3);\" data-animation-delay=600><a href=\"https:\/\/royaldoener.ch\/en\/contact\" target=\"_self\"><div class=\"ib-wrapper\" style=\"padding-bottom:50px;\"><div class=\"ib-simple-icon-wrapper\" style=\"margin-bottom:30px;\"><i class=\"iconsmind-Support iconsmind-User-Interface\" style=\"font-size: 40px;font-weight: 400;\"><\/i> <\/div><h6 class=\"service-heading\" style=\"color: #ffffff;\">Supporto<\/h6><p style=\"color:#ffffff;\">Ti offriamo aiuto e supporto per le tue preoccupazioni.<\/p><\/div><\/a><\/div>[\/vc_column_inner][\/vc_row_inner][\/vc_column][\/vc_row]<\/p>\n<\/section>","protected":false},"excerpt":{"rendered":"<p>[vc_row full_width=&#8221;stretch_row_content_no_spaces&#8221; kd_background_image_position=&#8221;vc_row-bg-position-top&#8221; el_class=&#8221;hide-bg-on-mobile&#8221; css_tablet_portrait=&#8221;.vc_custom_1606131156444{padding-top: 0px !important;}&#8221; css_mobile=&#8221;.vc_custom_1606131156446{padding-top: 0px !important;}&#8221;][vc_column css=&#8221;.vc_custom_1513003956648{padding-top: 0px !important;}&#8221;][vc_row_inner full_width=&#8221;inner_row_contained&#8221; kd_background_image_position=&#8221;vc_row-bg-position-top&#8221; kd_background_overlay=&#8221;true&#8221; el_class=&#8221;border-bottom-radius&#8221; css=&#8221;.vc_custom_1627491521454{margin-right: 60px !important;margin-left: [&hellip;]<\/p>\n","protected":false},"author":1,"featured_media":0,"parent":0,"menu_order":0,"comment_status":"closed","ping_status":"closed","template":"","meta":{"footnotes":""},"class_list":["post-9554","page","type-page","status-publish","hentry"],"_links":{"self":[{"href":"https:\/\/royaldoener.ch\/it\/wp-json\/wp\/v2\/pages\/9554","targetHints":{"allow":["GET"]}}],"collection":[{"href":"https:\/\/royaldoener.ch\/it\/wp-json\/wp\/v2\/pages"}],"about":[{"href":"https:\/\/royaldoener.ch\/it\/wp-json\/wp\/v2\/types\/page"}],"author":[{"embeddable":true,"href":"https:\/\/royaldoener.ch\/it\/wp-json\/wp\/v2\/users\/1"}],"replies":[{"embeddable":true,"href":"https:\/\/royaldoener.ch\/it\/wp-json\/wp\/v2\/comments?post=9554"}],"version-history":[{"count":36,"href":"https:\/\/royaldoener.ch\/it\/wp-json\/wp\/v2\/pages\/9554\/revisions"}],"predecessor-version":[{"id":11078,"href":"https:\/\/royaldoener.ch\/it\/wp-json\/wp\/v2\/pages\/9554\/revisions\/11078"}],"wp:attachment":[{"href":"https:\/\/royaldoener.ch\/it\/wp-json\/wp\/v2\/media?parent=9554"}],"curies":[{"name":"wp","href":"https:\/\/api.w.org\/{rel}","templated":true}]}}