{"id":5752,"date":"2018-10-22T13:48:34","date_gmt":"2018-10-22T11:48:34","guid":{"rendered":"https:\/\/www.ekko-wp.com\/?page_id=5752"},"modified":"2024-03-10T22:18:37","modified_gmt":"2024-03-10T21:18:37","slug":"supporto","status":"publish","type":"page","link":"https:\/\/royaldoener.ch\/it\/supporto\/","title":{"rendered":"Supporto"},"content":{"rendered":"<section class=\"wpb-content-wrapper\"><p>[vc_row full_width=&#8221;stretch_row&#8221; kd_background_image_position=&#8221;vc_row-bg-position-top&#8221; css=&#8221;.vc_custom_1605801327239{padding-top: 100px !important;padding-bottom: 100px !important;}&#8221; css_tablet_portrait=&#8221;.vc_custom_1605801327240{padding-bottom: 0px !important;}&#8221; css_mobile=&#8221;.vc_custom_1605801327240{padding-bottom: 0px !important;}&#8221; css_tablet_landscape=&#8221;.vc_custom_1605801327239{padding-bottom: 0px !important;}&#8221;][vc_column][vc_row_inner content_placement=&#8221;middle&#8221; kd_background_image_position=&#8221;vc_row-bg-position-top&#8221;][vc_column_inner el_class=&#8221;with-shadow&#8221; width=&#8221;1\/2&#8243; css=&#8221;.vc_custom_1686493850673{padding-top: 55px !important;padding-right: 85px !important;padding-bottom: 29px !important;padding-left: 85px !important;background-color: #ffffff !important;border-radius: 10px !important;}&#8221; css_tablet_landscape=&#8221;.vc_custom_1686493850673{margin-top: 50px !important;margin-bottom: 50px !important;padding-right: 40px !important;padding-left: 40px !important;}&#8221; offset=&#8221;vc_col-lg-6 vc_col-md-12&#8243; css_tablet_portrait=&#8221;.vc_custom_1686493850674{margin-bottom: 50px !important;padding-right: 15px !important;padding-left: 15px !important;}&#8221; css_mobile=&#8221;.vc_custom_1686493850674{margin-bottom: 50px !important;padding-right: 15px !important;padding-left: 15px !important;}&#8221; el_id=&#8221;form&#8221;]<header class=\"kd-section-title col-lg-12 text-center  subtitle-below-title kd-animated fadeIn   vc_custom_1710104537589\" data-animation-delay=200><h4 class=\"separator_off\" >Contattaci<\/h4><h6 class=\"subtitle\" style=\"font-size:15px;\">Per favore, compila il modulo di contatto qui sotto per metterti in contatto con noi. Puoi condividere con noi le tue domande, suggerimenti o richieste di collaborazione.<\/h6><\/header><div class=\"kd-contact-form full-width-cf  cf-with-border   kd-animated fadeIn\" data-animation-delay=400>\n<div class=\"wpcf7 no-js\" id=\"wpcf7-f26-o1\" lang=\"en-US\" dir=\"ltr\" data-wpcf7-id=\"26\">\n<div class=\"screen-reader-response\"><p role=\"status\" aria-live=\"polite\" aria-atomic=\"true\"><\/p> <ul><\/ul><\/div>\n<form action=\"\/it\/wp-json\/wp\/v2\/pages\/5752#wpcf7-f26-o1\" method=\"post\" class=\"wpcf7-form init\" aria-label=\"Contact form\" novalidate=\"novalidate\" data-status=\"init\">\n<div style=\"display: none;\">\n<input type=\"hidden\" name=\"_wpcf7\" value=\"26\" \/>\n<input type=\"hidden\" name=\"_wpcf7_version\" value=\"6.0.3\" \/>\n<input type=\"hidden\" name=\"_wpcf7_locale\" value=\"en_US\" \/>\n<input type=\"hidden\" name=\"_wpcf7_unit_tag\" value=\"wpcf7-f26-o1\" \/>\n<input type=\"hidden\" name=\"_wpcf7_container_post\" value=\"0\" \/>\n<input type=\"hidden\" name=\"_wpcf7_posted_data_hash\" value=\"\" \/>\n<input type=\"hidden\" name=\"_wpcf7_recaptcha_response\" value=\"\" \/>\n<\/div>\n<p><span class=\"wpcf7-form-control-wrap\" data-name=\"your-name\"><input size=\"40\" maxlength=\"400\" class=\"wpcf7-form-control wpcf7-text wpcf7-validates-as-required\" aria-required=\"true\" aria-invalid=\"false\" placeholder=\"Inserisci il tuo nome\" value=\"\" type=\"text\" name=\"your-name\" \/><\/span><br \/>\n<span class=\"wpcf7-form-control-wrap\" data-name=\"your-email\"><input size=\"40\" maxlength=\"400\" class=\"wpcf7-form-control wpcf7-email wpcf7-validates-as-required wpcf7-text wpcf7-validates-as-email\" aria-required=\"true\" aria-invalid=\"false\" placeholder=\"Inserisci la tua email\" value=\"\" type=\"email\" name=\"your-email\" \/><\/span><br \/>\n<span class=\"wpcf7-form-control-wrap\" data-name=\"your-phone\"><input size=\"40\" maxlength=\"400\" class=\"wpcf7-form-control wpcf7-tel wpcf7-validates-as-required wpcf7-text wpcf7-validates-as-tel\" aria-required=\"true\" aria-invalid=\"false\" placeholder=\"Inserisci il tuo numero di telefono\" value=\"\" type=\"tel\" name=\"your-phone\" \/><\/span><br \/>\n<span class=\"wpcf7-form-control-wrap\" data-name=\"your-message\"><textarea cols=\"40\" rows=\"10\" maxlength=\"2000\" class=\"wpcf7-form-control wpcf7-textarea\" aria-invalid=\"false\" placeholder=\"Il tuo messaggio\" name=\"your-message\"><\/textarea><\/span><br \/>\n<input class=\"wpcf7-form-control wpcf7-submit has-spinner\" type=\"submit\" value=\"Invia\" \/>\n<\/p><div class=\"wpcf7-response-output\" aria-hidden=\"true\"><\/div>\n<\/form>\n<\/div>\n<\/div>[\/vc_column_inner][vc_column_inner width=&#8221;1\/2&#8243; css=&#8221;.vc_custom_1600784379181{padding-top: 36px !important;padding-right: 37px !important;padding-left: 0px !important;}&#8221; css_tablet_landscape=&#8221;.vc_custom_1600784379181{padding-top: 0px !important;}&#8221; offset=&#8221;vc_col-lg-6 vc_col-md-12&#8243; css_tablet_portrait=&#8221;.vc_custom_1600784379182{padding-top: 0px !important;padding-right: 0px !important;}&#8221; css_mobile=&#8221;.vc_custom_1600784379182{padding-top: 0px !important;padding-right: 0px !important;}&#8221;][vc_toggle title=&#8221;Cos&#8217;\u00e8 che distingue Royal D\u00f6ner come il pi\u00f9 grande produttore e distributore di spiedini di kebab in Svizzera?&#8221; open=&#8221;true&#8221; css_animation=&#8221;fadeInUp&#8221;]Royal D\u00f6ner ha raggiunto la sua posizione di leader di mercato attraverso una crescita continua e un&#8217;elevata domanda da parte dei clienti. L&#8217;azienda pone grande enfasi sull&#8217;assicurazione della qualit\u00e0, sulla preparazione delicata e sulla produzione sostenibile.[\/vc_toggle][vc_toggle title=&#8221;Quale supporto offre Royal D\u00f6ner ai nuovi proprietari di attivit\u00e0 nell&#8217;apertura di un luogo per il doner?&#8221; css_animation=&#8221;fadeInUp&#8221;]Royal D\u00f6ner fornisce tutti i componenti necessari per l&#8217;allestimento del vostro ristorante kebab. Ci\u00f2 include attrezzature per la cottura gastronomica gratuite, coltelli e contenitori termici. Inoltre, l&#8217;azienda offre formazione per il personale vendite, competenze nella pubblicit\u00e0, supporto alle vendite e una solida partnership.[\/vc_toggle][vc_toggle title=&#8221;Quali standard di qualit\u00e0 e sistemi di controllo adotta Royal D\u00f6ner per garantire l&#8217;igiene alimentare?&#8221; css_animation=&#8221;fadeInUp&#8221;]Royal D\u00f6ner aderisce al concetto HACCP (Analisi dei Rischi e Controllo dei Punti Critici) riconosciuto a livello internazionale e ai &#8216;Principi Generali dell&#8217;Igiene Alimentare&#8217;. Questo sistema di controllo \u00e8 implementato in tutti i processi di produzione per garantire una produzione sicura e di alta qualit\u00e0, nonch\u00e9 la conservazione e la consegna dei cibi.[\/vc_toggle][vc_toggle title=&#8221;Da dove provengono gli ingredienti di Royal D\u00f6ner e come l&#8217;azienda garantisce l&#8217;uso solo di materie prime di alta qualit\u00e0?&#8221; css_animation=&#8221;fadeInUp&#8221;]<\/p>\n<div class=\"group w-full text-gray-800 dark:text-gray-100 border-b border-black\/10 dark:border-gray-900\/50 bg-gray-50 dark:bg-[#444654]\">\n<div class=\"flex p-4 gap-4 text-base md:gap-6 md:max-w-2xl lg:max-w-[38rem] xl:max-w-3xl md:py-6 lg:px-0 m-auto\">\n<div class=\"relative flex w-[calc(100%-50px)] flex-col gap-1 md:gap-3 lg:w-[calc(100%-115px)]\">\n<div class=\"flex flex-grow flex-col gap-3\">\n<div class=\"min-h-[20px] flex flex-col items-start gap-4 whitespace-pre-wrap break-words\">\n<div class=\"markdown prose w-full break-words dark:prose-invert light\">Royal D\u00f6ner reperisce esclusivamente le sue materie prime da produttori con garanzia di qualit\u00e0. Una selezione meticolosa dei fornitori, rigorosi accordi con i fornitori e costanti controlli delle merci in entrata garantiscono che vengano utilizzate solo materie prime di migliore qualit\u00e0 nella produzione.<\/div>\n<\/div>\n<\/div>\n<\/div>\n<\/div>\n<\/div>\n<p>[\/vc_toggle][\/vc_column_inner][\/vc_row_inner][\/vc_column][\/vc_row][vc_row full_width=&#8221;stretch_row_content_no_spaces&#8221; content_placement=&#8221;middle&#8221; kd_background_image_position=&#8221;vc_row-bg-position-top&#8221; kd_background_overlay=&#8221;true&#8221;][vc_column width=&#8221;1\/2&#8243; css=&#8221;.vc_custom_1522242793531{padding-top: 0px !important;}&#8221; offset=&#8221;vc_col-lg-6 vc_col-md-12&#8243;][vc_gmaps link=&#8221;#E-8_JTNDaWZyYW1lJTIwc3JjJTNEJTIyaHR0cHMlM0ElMkYlMkZ3d3cuZ29vZ2xlLmNvbSUyRm1hcHMlMkZlbWJlZCUzRnBiJTNEJTIxMW0xOCUyMTFtMTIlMjExbTMlMjExZDE2OC40NjM0MDc0MTM2MDk2JTIxMmQ4Ljc3NjYzNjczMjU0Nzk1NSUyMTNkNDcuNTAxMzE4MDIxMDQxODU0JTIxMm0zJTIxMWYwJTIxMmYwJTIxM2YwJTIxM20yJTIxMWkxMDI0JTIxMmk3NjglMjE0ZjEzLjElMjEzbTMlMjExbTIlMjExczB4NDc5YTk5ZjFiNTViNzRiMyUyNTNBMHhmYTVlZWI1NTA3ZTJmMmE0JTIxMnNSb3lhbCUyNTIwRCUyNUMzJTI1QjZuZXIlMjUyMEFHJTIxNWUwJTIxM20yJTIxMXNlbiUyMTJzYmUlMjE0djE2ODY0OTI5NTg3MjklMjE1bTIlMjExc2VuJTIxMnNiZSUyMiUyMHdpZHRoJTNEJTIyNjAwJTIyJTIwaGVpZ2h0JTNEJTIyNDUwJTIyJTIwc3R5bGUlM0QlMjJib3JkZXIlM0EwJTNCJTIyJTIwYWxsb3dmdWxsc2NyZWVuJTNEJTIyJTIyJTIwbG9hZGluZyUzRCUyMmxhenklMjIlMjByZWZlcnJlcnBvbGljeSUzRCUyMm5vLXJlZmVycmVyLXdoZW4tZG93bmdyYWRlJTIyJTNFJTNDJTJGaWZyYW1lJTNF&#8221; size=&#8221;&#8221; css_animation=&#8221;bounceInRight&#8221; css=&#8221;.vc_custom_1686493069624{margin-top: -34px !important;}&#8221;][\/vc_column][vc_column width=&#8221;1\/2&#8243; css=&#8221;.vc_custom_1598451985596{padding-top: 100px !important;padding-bottom: 100px !important;padding-left: 120px !important;}&#8221; offset=&#8221;vc_col-lg-6 vc_col-md-12&#8243; css_tablet_portrait=&#8221;.vc_custom_1598451985597{padding-right: 20px !important;padding-left: 20px !important;}&#8221; css_mobile=&#8221;.vc_custom_1598451985597{padding-right: 20px !important;padding-left: 20px !important;}&#8221;][vc_row_inner content_placement=&#8221;middle&#8221; kd_background_image_position=&#8221;vc_row-bg-position-top&#8221;][vc_column_inner width=&#8221;7\/12&#8243;]<div class=\"key-icon-box icon-default icon-left cont-left ib-no-effect     icon-no-background icon-with-border kd-animated fadeIn\" style=\"background-color: transparent;margin-bottom:40px;\" ><div class=\"ib-icon-wrapper\" style=\"border: 1px solid #bebffc;\"><i class=\"iconsmind-Map-Marker iconsmind-Maps-Locations\" style=\"font-size: 22px;font-weight: 700;\"><\/i> <\/div><h6 class=\"service-heading\" >Holzwingertstrasse 44,<br \/> 8409 Winterthur, Svizzera<\/h6><p >Siamo orgogliosi di coordinare la nostra produzione e distribuzione di spiedini di kebab di alta qualit\u00e0 e altri prodotti complementari e convenienti da questa posizione centrale.<\/p><\/div><div class=\"key-icon-box icon-default icon-left cont-left ib-no-effect     icon-no-background icon-with-border kd-animated fadeIn\" style=\"background-color: transparent;margin-bottom:40px;\" data-animation-delay=200><div class=\"ib-icon-wrapper\" style=\"border: 1px solid #bebffc;\"><i class=\"iconsmind-Speach-Bubble iconsmind-Speech-Bubbles\" style=\"font-size: 22px;font-weight: 700;\"><\/i> <\/div><h6 class=\"service-heading\" >+41 52 233 02 00<br \/>+41 52 233 72 00<\/h6><p >Non esitate a darci una chiamata. Il nostro cordiale team \u00e8 qui per assistervi e affrontare eventuali preoccupazioni che possiate avere.<\/p><\/div><div class=\"key-icon-box icon-default icon-left cont-left ib-no-effect     icon-no-background icon-with-border kd-animated fadeIn\" style=\"background-color: transparent;\" data-animation-delay=400><div class=\"ib-icon-wrapper\" style=\"border: 1px solid #bebffc;\"><i class=\"iconsmind-Envelope-2 iconsmind-Emails\" style=\"font-size: 22px;font-weight: 700;\"><\/i> <\/div><h6 class=\"service-heading\" >info@royaldoener.ch<\/h6><p >Il nostro team elaborer\u00e0 il vostro email il pi\u00f9 rapidamente possibile e vi fornir\u00e0 un riscontro. Non vediamo l'ora di sentire da voi e di assistervi ulteriormente.<\/p><\/div>[\/vc_column_inner][vc_column_inner width=&#8221;5\/12&#8243; offset=&#8221;vc_hidden-md vc_hidden-sm vc_hidden-xs&#8221;][\/vc_column_inner][\/vc_row_inner][\/vc_column][\/vc_row][vc_row full_width=&#8221;stretch_row&#8221; kd_background_image_position=&#8221;vc_row-bg-position-top&#8221; css=&#8221;.vc_custom_1686494812640{padding-top: 110px !important;background: #21233f url(https:\/\/royaldoener.ch\/en\/wp-content\/uploads\/2023\/06\/Map.png?id=10081) !important;background-position: 0 0 !important;background-repeat: no-repeat !important;}&#8221; el_class=&#8221;background-blend&#8221;][vc_column css=&#8221;.vc_custom_1597665991208{padding-right: 0px !important;padding-left: 0px !important;}&#8221;]<header class=\"kd-section-title col-lg-12 text-center  subtitle-below-title kd-animated fadeIn   vc_custom_1710105502189\" data-animation-delay=200><h2 class=\"separator_off\" style=\"color: #ffffff;\">Chiamaci o vieni a trovarci, siamo qui per te.<br \/>Riceverai una risposta entro 24 ore.<\/h2><\/header>[vc_row_inner kd_background_image_position=&#8221;vc_row-bg-position-top&#8221; css_tablet_portrait=&#8221;.vc_custom_1611231204463{margin-bottom: 50px !important;}&#8221; css_mobile=&#8221;.vc_custom_1611231204463{margin-bottom: 0px !important;}&#8221;][vc_column_inner width=&#8221;1\/4&#8243; offset=&#8221;vc_col-lg-3 vc_col-md-6&#8243;]<div class=\"key-icon-box icon-default icon-top cont-center ib-no-effect    with-border icon-no-background icon-no-border kd-animated fadeInUp panel-trigger-btn\" style=\"background-color: transparent;border: 1px solid rgba(119,122,242,0.3);\" ><a href=\"\" target=\"_self\"><div class=\"ib-wrapper\" style=\"padding-bottom:50px;\"><div class=\"ib-simple-icon-wrapper\" style=\"margin-bottom:30px;\"><i class=\"iconsmind-Speach-BubbleComic2 iconsmind-Speech-Bubbles\" style=\"font-size: 40px;font-weight: 400;\"><\/i> <\/div><h6 class=\"service-heading\" style=\"color: #ffffff;\">Risposta Rapida<\/h6><p style=\"color:#ffffff;\">Puoi inviarci rapidamente e facilmente un messaggio qui.<\/p><\/div><\/a><\/div>[\/vc_column_inner][vc_column_inner width=&#8221;1\/4&#8243; offset=&#8221;vc_col-lg-3 vc_col-md-6&#8243;]<div class=\"key-icon-box icon-default icon-top cont-center ib-no-effect    with-border icon-no-background icon-no-border kd-animated fadeInUp\" style=\"background-color: transparent;border: 1px solid rgba(119,122,242,0.3);\" data-animation-delay=200><a href=\"tel:+41522330200\" target=\"_self\"><div class=\"ib-wrapper\" style=\"padding-bottom:50px;\"><div class=\"ib-simple-icon-wrapper\" style=\"margin-bottom:30px;\"><i class=\"iconsmind-Phone-2 iconsmind-Desktop-apps\" style=\"font-size: 40px;font-weight: 400;\"><\/i> <\/div><h6 class=\"service-heading\" style=\"color: #ffffff;\">Parliamo<\/h6><p style=\"color:#ffffff;\">Il nostro team \u00e8 qui per te, per ascoltare e trovare soluzioni.<\/p><\/div><\/a><\/div>[\/vc_column_inner][vc_column_inner width=&#8221;1\/4&#8243; offset=&#8221;vc_col-lg-3 vc_col-md-6&#8243;]<div class=\"key-icon-box icon-default icon-top cont-center ib-no-effect    with-border icon-no-background icon-no-border kd-animated fadeInUp\" style=\"background-color: transparent;border: 1px solid rgba(119,122,242,0.3);\" data-animation-delay=400><a href=\"https:\/\/www.facebook.com\/royaldoener\" target=\"_blank\" rel=\"noopener\"><div class=\"ib-wrapper\" style=\"padding-bottom:50px;\"><div class=\"ib-simple-icon-wrapper\" style=\"margin-bottom:30px;\"><i class=\"iconsmind-Facebook iconsmind-Social-Media\" style=\"font-size: 40px;font-weight: 400;\"><\/i> <\/div><h6 class=\"service-heading\" style=\"color: #ffffff;\">Social Media<\/h6><p style=\"color:#ffffff;\">Siamo entusiasti di connetterci con te sui social media.<\/p><\/div><\/a><\/div>[\/vc_column_inner][vc_column_inner width=&#8221;1\/4&#8243; offset=&#8221;vc_col-lg-3 vc_col-md-6&#8243;]<div class=\"key-icon-box icon-default icon-top cont-center ib-no-effect    with-border icon-no-background icon-no-border kd-animated fadeInUp\" style=\"background-color: transparent;border: 1px solid rgba(119,122,242,0.3);\" data-animation-delay=600><a href=\"https:\/\/royaldoener.ch\/en\/contact\" target=\"_self\"><div class=\"ib-wrapper\" style=\"padding-bottom:50px;\"><div class=\"ib-simple-icon-wrapper\" style=\"margin-bottom:30px;\"><i class=\"iconsmind-Support iconsmind-User-Interface\" style=\"font-size: 40px;font-weight: 400;\"><\/i> <\/div><h6 class=\"service-heading\" style=\"color: #ffffff;\">Supporto<\/h6><p style=\"color:#ffffff;\">Ti offriamo aiuto e supporto per le tue preoccupazioni.<\/p><\/div><\/a><\/div>[\/vc_column_inner][\/vc_row_inner][\/vc_column][\/vc_row]<\/p>\n<\/section>","protected":false},"excerpt":{"rendered":"<p>[vc_row full_width=&#8221;stretch_row&#8221; kd_background_image_position=&#8221;vc_row-bg-position-top&#8221; css=&#8221;.vc_custom_1605801327239{padding-top: 100px !important;padding-bottom: 100px !important;}&#8221; css_tablet_portrait=&#8221;.vc_custom_1605801327240{padding-bottom: 0px !important;}&#8221; css_mobile=&#8221;.vc_custom_1605801327240{padding-bottom: 0px !important;}&#8221; css_tablet_landscape=&#8221;.vc_custom_1605801327239{padding-bottom: 0px !important;}&#8221;][vc_column][vc_row_inner content_placement=&#8221;middle&#8221; kd_background_image_position=&#8221;vc_row-bg-position-top&#8221;][vc_column_inner el_class=&#8221;with-shadow&#8221; [&hellip;]<\/p>\n","protected":false},"author":1,"featured_media":8901,"parent":0,"menu_order":0,"comment_status":"closed","ping_status":"closed","template":"","meta":{"footnotes":""},"class_list":["post-5752","page","type-page","status-publish","has-post-thumbnail","hentry"],"_links":{"self":[{"href":"https:\/\/royaldoener.ch\/it\/wp-json\/wp\/v2\/pages\/5752","targetHints":{"allow":["GET"]}}],"collection":[{"href":"https:\/\/royaldoener.ch\/it\/wp-json\/wp\/v2\/pages"}],"about":[{"href":"https:\/\/royaldoener.ch\/it\/wp-json\/wp\/v2\/types\/page"}],"author":[{"embeddable":true,"href":"https:\/\/royaldoener.ch\/it\/wp-json\/wp\/v2\/users\/1"}],"replies":[{"embeddable":true,"href":"https:\/\/royaldoener.ch\/it\/wp-json\/wp\/v2\/comments?post=5752"}],"version-history":[{"count":29,"href":"https:\/\/royaldoener.ch\/it\/wp-json\/wp\/v2\/pages\/5752\/revisions"}],"predecessor-version":[{"id":11065,"href":"https:\/\/royaldoener.ch\/it\/wp-json\/wp\/v2\/pages\/5752\/revisions\/11065"}],"wp:featuredmedia":[{"embeddable":true,"href":"https:\/\/royaldoener.ch\/it\/wp-json\/wp\/v2\/media\/8901"}],"wp:attachment":[{"href":"https:\/\/royaldoener.ch\/it\/wp-json\/wp\/v2\/media?parent=5752"}],"curies":[{"name":"wp","href":"https:\/\/api.w.org\/{rel}","templated":true}]}}