{"id":9971,"date":"2023-05-16T11:59:34","date_gmt":"2023-05-16T09:59:34","guid":{"rendered":"https:\/\/royaldoener.ch\/?page_id=9971"},"modified":"2024-03-07T21:45:45","modified_gmt":"2024-03-07T20:45:45","slug":"info","status":"publish","type":"page","link":"https:\/\/royaldoener.ch\/fr\/info\/","title":{"rendered":"Info"},"content":{"rendered":"<section class=\"wpb-content-wrapper\"><p>[vc_row kd_background_image_position=&#8221;vc_row-bg-position-top&#8221;][vc_column][vc_empty_space height=&#8221;150px&#8221;][\/vc_column][\/vc_row][vc_row full_width=&#8221;stretch_row_content_no_spaces&#8221; kd_background_image_position=&#8221;vc_row-bg-position-top&#8221;][vc_column][vc_tta_tabs shape=&#8221;round&#8221; alignment=&#8221;center&#8221; active_section=&#8221;1&#8243; pagination_style=&#8221;flat-square&#8221; pagination_color=&#8221;orange&#8221; css_animation=&#8221;bounceInDown&#8221;][vc_tta_section i_icon_fontawesome=&#8221;fas fa-crown&#8221; add_icon=&#8221;true&#8221; title=&#8221;\u00c0 PROPOS DU D\u00d6NER&#8221; tab_id=&#8221;ueber-doner&#8221;][vc_row_inner content_placement=&#8221;middle&#8221; kd_background_image_position=&#8221;vc_row-bg-position-top&#8221; css=&#8221;.vc_custom_1599044153796{padding-top: 100px !important;padding-bottom: 100px !important;}&#8221; css_tablet_portrait=&#8221;.vc_custom_1599044153797{padding-top: 50px !important;padding-bottom: 50px !important;}&#8221; css_mobile=&#8221;.vc_custom_1599044153798{padding-top: 50px !important;padding-bottom: 50px !important;}&#8221;][vc_column_inner width=&#8221;1\/4&#8243; css=&#8221;.vc_custom_1597758015377{padding-top: 70px !important;padding-right: 50px !important;padding-bottom: 70px !important;padding-left: 50px !important;background-color: #f4f9fe !important;border-radius: 10px !important;}&#8221;]<div class=\"kd-shapes shape_dots with-parallax kd-animated zoomIn\" style=\"top: 100px;left: -88px;width: 172px;height: 173px;\" data-parallax-speed=\"-0.1\" data-animation-delay=400><\/div>[vc_single_image image=&#8221;9976&#8243; img_size=&#8221;&#8221;]<div class=\"kd-shapes shape_dots with-parallax kd-animated zoomIn\" style=\"right: -50px;bottom: 100px;width: 340px;height: 143px;background-color: #66e69b;\" data-parallax-speed=\"0.1\" data-animation-delay=400><\/div>[\/vc_column_inner][vc_column_inner width=&#8221;3\/4&#8243; css=&#8221;.vc_custom_1599044285974{padding-left: 115px !important;}&#8221; css_tablet_portrait=&#8221;.vc_custom_1599044285975{padding-top: 50px !important;padding-right: 15px !important;padding-left: 30px !important;}&#8221; css_mobile=&#8221;.vc_custom_1599044285976{padding-top: 50px !important;padding-right: 15px !important;padding-left: 15px !important;}&#8221; css_tablet_landscape=&#8221;.vc_custom_1599044285974{padding-left: 50px !important;}&#8221;]<div class=\"kd-title-label text-left no-primary-title   kd-animated fadeIn  vc_custom_1709826831655\" data-animation-delay=200><span class=\"kd-title-label-transparent\">Kebab : Une histoire d\u00e9licieuse<\/span><\/div><header class=\"kd-section-title col-lg-12 text-left  subtitle-below-title kd-animated fadeIn   vc_custom_1709826856721\" data-animation-delay=200><h2 class=\"separator_off\" style=\"margin-bottom:30px;\">D\u00f6ner ? \u2013 Kebab ? \u2013 D\u00f6ner Kebab ?<\/h2><\/header>[vc_column_text]Fondamentalement, le terme devrait \u00eatre correctement \u00e9crit \u00ab Kebap \u00bb &#8211; l&#8217;orthographe turque authentique. Cependant, depuis les ann\u00e9es 1970, l&#8217;adaptation \u00e0 \u00ab Kebab \u00bb s&#8217;est rapidement r\u00e9pandue et solidifi\u00e9e, particuli\u00e8rement en Europe centrale.<\/p>\n<p>Le Doner Kebab est une expression compos\u00e9e originaire de \u00ab D\u00f6ner \u00bb, signifiant \u00ab en rotation \u00bb ou \u00ab tournant \u00bb, et de \u00ab Kebab \u00bb, d\u00e9signant \u00ab viande grill\u00e9e ou r\u00f4tie \u00bb. Essentiellement, le Doner Kebab d\u00e9signe une m\u00e9thode de pr\u00e9paration de viande : \u00ab viande en rotation \u00bb.<\/p>\n<p>L&#8217;origine du Doner Kebab remonte probablement \u00e0 l&#8217;Anatolie. Les archives historiques du XIXe si\u00e8cle indiquent qu&#8217;\u00e0 cette \u00e9poque, de la viande d&#8217;agneau \u00e9tait embroch\u00e9e et r\u00f4tie pour un plat connu sous le nom de \u015ei\u015f Kebab, puis servie envelopp\u00e9e dans du pain.<\/p>\n<p>De telles techniques, ainsi que d&#8217;autres impliquant des broches horizontales, \u00e9taient courantes dans tout l&#8217;Empire ottoman. Cependant, de nombreux habitants urbains vivant pr\u00e8s des restaurants trouvaient cette m\u00e9thode de grillade g\u00eanante. Cela a persist\u00e9 jusqu&#8217;\u00e0 ce que M. Iskender Efendi, un boucher et chef de Bursa, con\u00e7oive l&#8217;id\u00e9e de d\u00e9sosser la viande, d&#8217;arranger les morceaux sur la broche dans la disposition g\u00e9om\u00e9trique que nous reconnaissons aujourd&#8217;hui, et de les griller verticalement pour contourner les d\u00e9sagr\u00e9ments associ\u00e9s \u00e0 la grillade horizontale.<\/p>\n<p>Cette m\u00e9thode de pr\u00e9paration de viande en rotation a rapidement gagn\u00e9 en popularit\u00e9 dans tout le pays et a finalement travers\u00e9 le globe. Peu de plats turcs rivaux peuvent rivaliser avec la renomm\u00e9e du Doner Kebab. Actuellement, ce repas rapide est pr\u00e9par\u00e9 dans une multitude de variations. Que ce soit appel\u00e9 Doner, Kebab ou Doner Kebab &#8211; le crit\u00e8re primordial est son go\u00fbt d\u00e9lectable.[\/vc_column_text][\/vc_column_inner][\/vc_row_inner][\/vc_tta_section][vc_tta_section i_icon_fontawesome=&#8221;fas fa-crown&#8221; add_icon=&#8221;true&#8221; title=&#8221;NOS NORMES&#8221; tab_id=&#8221;unsere-standarts&#8221;][vc_row_inner content_placement=&#8221;middle&#8221; kd_background_image_position=&#8221;vc_row-bg-position-top&#8221; css=&#8221;.vc_custom_1599044201996{padding-top: 100px !important;padding-bottom: 100px !important;}&#8221; css_tablet_portrait=&#8221;.vc_custom_1599044201997{padding-top: 50px !important;padding-bottom: 50px !important;}&#8221; css_mobile=&#8221;.vc_custom_1599044201998{padding-top: 50px !important;padding-bottom: 50px !important;}&#8221;][vc_column_inner width=&#8221;1\/2&#8243; css=&#8221;.vc_custom_1597758015377{padding-top: 70px !important;padding-right: 50px !important;padding-bottom: 70px !important;padding-left: 50px !important;background-color: #f4f9fe !important;border-radius: 10px !important;}&#8221;]<div class=\"kd-shapes shape_dots with-parallax kd-animated zoomIn\" style=\"top: 100px;left: -88px;width: 172px;height: 173px;\" data-parallax-speed=\"-0.1\" data-animation-delay=400><\/div><div class=\"kd-shapes shape_dots with-parallax kd-animated zoomIn\" style=\"right: -50px;bottom: 100px;width: 340px;height: 143px;background-color: #66e69b;\" data-parallax-speed=\"0.1\" data-animation-delay=400><\/div>[vc_single_image image=&#8221;9977&#8243; img_size=&#8221;&#8221; alignment=&#8221;center&#8221;][\/vc_column_inner][vc_column_inner width=&#8221;1\/2&#8243; css=&#8221;.vc_custom_1599044290550{padding-left: 115px !important;}&#8221; css_tablet_landscape=&#8221;.vc_custom_1599044290550{padding-left: 50px !important;}&#8221; css_tablet_portrait=&#8221;.vc_custom_1599044290551{padding-top: 50px !important;padding-right: 15px !important;padding-left: 30px !important;}&#8221; css_mobile=&#8221;.vc_custom_1599044290552{padding-top: 50px !important;padding-right: 15px !important;padding-left: 15px !important;}&#8221;]<div class=\"kd-title-label text-left no-primary-title   kd-animated fadeIn  vc_custom_1709827031532\" data-animation-delay=200><span class=\"kd-title-label-transparent\">HACCP : ASSURANCE QUALIT\u00c9 CHEZ ROYAL D\u00d6NER<\/span><\/div><header class=\"kd-section-title col-lg-12 text-left  subtitle-below-title kd-animated fadeIn   vc_custom_1709827046880\" data-animation-delay=200><h2 class=\"separator_off\" style=\"margin-bottom:30px;\">Notre engagement : Assurer la s\u00e9curit\u00e9, \u00e9viter les risques \u00e0 tout prix.<\/h2><\/header>[vc_column_text]Royal D\u00f6ner se sp\u00e9cialise dans la production alimentaire. Le processus de production, de stockage et de livraison des aliments est une affaire d\u00e9licate et s\u00e9rieuse. Nous sommes pleinement conscients de cette immense responsabilit\u00e9 et agissons en cons\u00e9quence, en veillant \u00e0 ce que chaque \u00e9tape respecte nos normes de s\u00e9curit\u00e9 et de qualit\u00e9 strictes.<\/p>\n<p>Pour att\u00e9nuer les risques associ\u00e9s \u00e0 nos produits \u00e0 base de viande, nous adh\u00e9rons aux lignes directrices internationalement reconnues de l&#8217;analyse des dangers et des points critiques pour leur ma\u00eetrise (HACCP) telles que d\u00e9crites dans le Codex Alimentarius de la FAO\/OMS. Cette approche est int\u00e9gr\u00e9e aux &#8220;Principes g\u00e9n\u00e9raux d&#8217;hygi\u00e8ne des denr\u00e9es alimentaires&#8221;, garantissant notre engagement \u00e0 respecter les normes les plus \u00e9lev\u00e9es en mati\u00e8re de s\u00e9curit\u00e9 alimentaire.[\/vc_column_text][vc_column_text]<strong>HACCP (Hazard Analysis Critical Control Points)<\/strong> is a control system designed to ensure quality throughout every stage of the food production process, from manufacturing to distribution and storage. This comprehensive approach guarantees the highest standards of food safety and hygiene are maintained.[\/vc_column_text][\/vc_column_inner][\/vc_row_inner][vc_row_inner content_placement=&#8221;middle&#8221; kd_background_image_position=&#8221;vc_row-bg-position-top&#8221; kd_background_overlay=&#8221;true&#8221; css=&#8221;.vc_custom_1684233653073{padding-top: 100px !important;padding-right: 30px !important;padding-bottom: 100px !important;padding-left: 30px !important;}&#8221; css_tablet_portrait=&#8221;.vc_custom_1684233653073{padding-top: 50px !important;padding-bottom: 50px !important;}&#8221; css_mobile=&#8221;.vc_custom_1684233653074{padding-top: 50px !important;padding-bottom: 50px !important;}&#8221;][vc_column_inner width=&#8221;1\/2&#8243; css=&#8221;.vc_custom_1684234402825{padding-top: 70px !important;padding-right: 50px !important;padding-bottom: 70px !important;padding-left: 50px !important;background-color: #474545 !important;border-radius: 10px !important;}&#8221;]<ul class=\"kd-icon-list kd-animated fadeIn\" ><li class=\"kd-icon-list-item\"><span class=\"kd-list-text\" style=\"color: #ffffff;\"><strong>Le processus HACCP comprend :<\/strong><\/p>\n<ol>\n<li>Conduite d&#8217;une analyse des dangers<\/li>\n<li>Identification des points critiques de contr\u00f4le (PCC) pour la s\u00e9curit\u00e9 alimentaire<\/li>\n<li>D\u00e9finition des limites critiques pour chaque PCC<\/li>\n<li>Suivi des PCC et utilisation des donn\u00e9es pour un contr\u00f4le efficace du processus<\/li>\n<li>D\u00e9finition des mesures correctives pour les \u00e9carts<\/li>\n<li>V\u00e9rifications d&#8217;efficacit\u00e9 sur les contr\u00f4les et mesures<\/li>\n<li>Documentation de toutes les mesures<\/li>\n<\/ol>\n<p><\/span><\/li><\/ul>[\/vc_column_inner][vc_column_inner width=&#8221;1\/2&#8243; css=&#8221;.vc_custom_1684233327291{padding-top: 50px !important;padding-right: 70px !important;padding-bottom: 20px !important;padding-left: 70px !important;}&#8221;]<header class=\"kd-section-title col-lg-12 text-left  subtitle-below-title   \" ><h3 class=\"separator_off\" >Nous respectons \u00e9galement strictement les r\u00e9glementations HACCP r\u00e9gissant la production d'aliments surgel\u00e9s.<\/h3><\/header>[vc_column_text]Les exploitants du secteur alimentaire sont l\u00e9galement tenus par d\u00e9cret r\u00e9glementaire (Art. 78 LGV) d&#8217;\u00ab \u00e9tablir, mettre en \u0153uvre et maintenir une ou plusieurs proc\u00e9dures permanentes bas\u00e9es sur les principes de l&#8217;HACCP \u00bb. Chez Royal D\u00f6ner, nous allons encore plus loin en alignant nos processus avec les r\u00e9glementations internationales de l&#8217;HACCP pour les aliments surgel\u00e9s. Cela garantit une attention sp\u00e9cifique accord\u00e9e aux exigences accrues d&#8217;une cha\u00eene d&#8217;approvisionnement surgel\u00e9e par rapport \u00e0 une cha\u00eene r\u00e9frig\u00e9r\u00e9e conventionnelle.[\/vc_column_text][\/vc_column_inner][\/vc_row_inner][vc_row_inner content_placement=&#8221;middle&#8221; kd_background_image_position=&#8221;vc_row-bg-position-top&#8221; css=&#8221;.vc_custom_1599044201996{padding-top: 100px !important;padding-bottom: 100px !important;}&#8221; css_tablet_portrait=&#8221;.vc_custom_1599044201997{padding-top: 50px !important;padding-bottom: 50px !important;}&#8221; css_mobile=&#8221;.vc_custom_1599044201998{padding-top: 50px !important;padding-bottom: 50px !important;}&#8221;][vc_column_inner css=&#8221;.vc_custom_1684233327291{padding-top: 50px !important;padding-right: 70px !important;padding-bottom: 20px !important;padding-left: 70px !important;}&#8221;][vc_column_text]<\/p>\n<h4>CERTIFICATION IND\u00c9PENDANTE<\/h4>\n<p>Des organismes de certification ind\u00e9pendants et accr\u00e9dit\u00e9s sont responsables de la certification.<\/p>\n<h4>POUR LA S\u00c9CURIT\u00c9 DE NOS CLIENTS &#8211; ET DES CLIENTS DE NOS CLIENTS<\/h4>\n<p>Gr\u00e2ce \u00e0 nos mesures pr\u00e9ventives, les risques importants lors de la production, du stockage et de la distribution de nos aliments peuvent \u00eatre \u00e9vit\u00e9s. Cela garantit que nos clients et les clients de nos clients peuvent toujours avoir confiance en la qualit\u00e9 de nos produits.[\/vc_column_text][\/vc_column_inner][\/vc_row_inner][\/vc_tta_section][vc_tta_section i_icon_fontawesome=&#8221;fas fa-crown&#8221; add_icon=&#8221;true&#8221; title=&#8221;PRODUCTION DE D\u00d6NER&#8221; tab_id=&#8221;doner-production&#8221;][vc_row_inner content_placement=&#8221;middle&#8221; kd_background_image_position=&#8221;vc_row-bg-position-top&#8221; css=&#8221;.vc_custom_1599044209924{padding-top: 100px !important;padding-bottom: 100px !important;}&#8221; css_tablet_portrait=&#8221;.vc_custom_1599044209927{padding-top: 50px !important;padding-bottom: 50px !important;}&#8221; css_mobile=&#8221;.vc_custom_1599044209928{padding-top: 50px !important;padding-bottom: 50px !important;}&#8221;][vc_column_inner width=&#8221;1\/4&#8243; css=&#8221;.vc_custom_1597758015377{padding-top: 70px !important;padding-right: 50px !important;padding-bottom: 70px !important;padding-left: 50px !important;background-color: #f4f9fe !important;border-radius: 10px !important;}&#8221;][vc_single_image image=&#8221;9985&#8243; img_size=&#8221;full&#8221; alignment=&#8221;center&#8221;]<div class=\"kd-shapes shape_dots with-parallax kd-animated zoomIn\" style=\"top: 100px;left: -88px;width: 172px;height: 173px;\" data-parallax-speed=\"-0.1\" data-animation-delay=400><\/div><div class=\"kd-shapes shape_dots with-parallax kd-animated zoomIn\" style=\"right: -50px;bottom: 100px;width: 340px;height: 143px;background-color: #66e69b;\" data-parallax-speed=\"0.1\" data-animation-delay=400><\/div>[\/vc_column_inner][vc_column_inner width=&#8221;3\/4&#8243; css=&#8221;.vc_custom_1599044295748{padding-left: 115px !important;}&#8221; css_tablet_landscape=&#8221;.vc_custom_1599044295749{padding-left: 50px !important;}&#8221; css_tablet_portrait=&#8221;.vc_custom_1599044295750{padding-top: 50px !important;padding-right: 15px !important;padding-left: 30px !important;}&#8221; css_mobile=&#8221;.vc_custom_1599044295751{padding-top: 50px !important;padding-right: 15px !important;padding-left: 15px !important;}&#8221;]<header class=\"kd-section-title col-lg-12 text-left  subtitle-below-title kd-animated fadeIn   vc_custom_1709827189143\" data-animation-delay=200><h2 class=\"separator_off\" style=\"margin-bottom:30px;\">D\u00e9coupes fra\u00eeches, transform\u00e9es en d\u00e9licieux doner.<\/h2><\/header>[vc_column_text]<strong>MATI\u00c8RES PREMI\u00c8RES DE HAUTE QUALIT\u00c9<\/strong><br \/>\nUn produit final de haute qualit\u00e9 commence toujours par des mati\u00e8res premi\u00e8res de haute qualit\u00e9 &#8211; c&#8217;est-\u00e0-dire, les ingr\u00e9dients au d\u00e9but de la cha\u00eene de production. Nous nous approvisionnons en viande et en autres ingr\u00e9dients exclusivement aupr\u00e8s de producteurs assurant la qualit\u00e9. Une s\u00e9lection minutieuse, des accords stricts avec les fournisseurs, et nos contr\u00f4les rigoureux des marchandises entrantes garantissent que nous ne traitons que des mati\u00e8res premi\u00e8res de la plus haute qualit\u00e9.<\/p>\n<p><strong>EXCELLENTS PRODUITS FINIS<\/strong><br \/>\nApr\u00e8s traitement, nos d\u00f6ners sont emball\u00e9s, \u00e9tiquet\u00e9s et surgel\u00e9s par choc, puis stock\u00e9s dans notre entrep\u00f4t frigorifique interne pour des contr\u00f4les r\u00e9guliers de qualit\u00e9 jusqu&#8217;\u00e0 la livraison.<\/p>\n<p><strong>TRAITEMENT IMM\u00c9DIAT DE LA VIANDE<\/strong><br \/>\nNos processus d&#8217;achat et de production m\u00e9ticuleusement organis\u00e9s garantissent que la mati\u00e8re premi\u00e8re principale, la viande, est trait\u00e9e par des employ\u00e9s exp\u00e9riment\u00e9s dans les plus brefs d\u00e9lais.<\/p>\n<p>Nous pr\u00e9parons d\u00e9licatement la viande hach\u00e9e pour nos broches rotatives et l&#8217;assaisonnons avec notre m\u00e9lange d&#8217;\u00e9pices secret fra\u00eechement pr\u00e9par\u00e9.<\/p>\n<p>Pour notre d\u00f6ner en plat, nous d\u00e9coupons la viande en morceaux plus gros apr\u00e8s l&#8217;avoir d\u00e9soss\u00e9e, puis la traitons davantage dans des salles sp\u00e9cialement r\u00e9frig\u00e9r\u00e9es. Apr\u00e8s l&#8217;ajout de notre m\u00e9lange d&#8217;\u00e9pices maison, elle est soigneusement marin\u00e9e, superpos\u00e9e et fa\u00e7onn\u00e9e sur la broche \u00e0 d\u00f6ner.<\/p>\n<p>Nous traitons la viande de volaille pour notre d\u00f6ner au poulet selon une m\u00e9thode douce et sp\u00e9cialis\u00e9e. Obtenir une d\u00e9coupe impeccable dans ce processus ad hoc n\u00e9cessite \u00e0 la fois attention et expertise, ainsi qu&#8217;un timing et un rythme pr\u00e9cis. Une \u00e9quipe d\u00e9di\u00e9e de sp\u00e9cialistes travaille main dans la main pour d\u00e9sosser, assaisonner et assembler simultan\u00e9ment les broches.[\/vc_column_text][\/vc_column_inner][\/vc_row_inner][\/vc_tta_section][vc_tta_section i_icon_fontawesome=&#8221;fas fa-crown&#8221; add_icon=&#8221;true&#8221; title=&#8221;INFO LIVRAISON&#8221; tab_id=&#8221;formation&#8221;][vc_row_inner content_placement=&#8221;middle&#8221; kd_background_image_position=&#8221;vc_row-bg-position-top&#8221; css=&#8221;.vc_custom_1599044201996{padding-top: 100px !important;padding-bottom: 100px !important;}&#8221; css_tablet_portrait=&#8221;.vc_custom_1599044201997{padding-top: 50px !important;padding-bottom: 50px !important;}&#8221; css_mobile=&#8221;.vc_custom_1599044201998{padding-top: 50px !important;padding-bottom: 50px !important;}&#8221;][vc_column_inner width=&#8221;1\/4&#8243; css=&#8221;.vc_custom_1597758015377{padding-top: 70px !important;padding-right: 50px !important;padding-bottom: 70px !important;padding-left: 50px !important;background-color: #f4f9fe !important;border-radius: 10px !important;}&#8221;][vc_single_image image=&#8221;9986&#8243; img_size=&#8221;&#8221; alignment=&#8221;center&#8221;]<div class=\"kd-shapes shape_dots with-parallax kd-animated zoomIn\" style=\"top: 100px;left: -88px;width: 172px;height: 173px;\" data-parallax-speed=\"-0.1\" data-animation-delay=400><\/div><div class=\"kd-shapes shape_dots with-parallax kd-animated zoomIn\" style=\"right: -50px;bottom: 100px;width: 340px;height: 143px;background-color: #66e69b;\" data-parallax-speed=\"0.1\" data-animation-delay=400><\/div>[\/vc_column_inner][vc_column_inner width=&#8221;3\/4&#8243; css=&#8221;.vc_custom_1599044290550{padding-left: 115px !important;}&#8221; css_tablet_landscape=&#8221;.vc_custom_1599044290550{padding-left: 50px !important;}&#8221; css_tablet_portrait=&#8221;.vc_custom_1599044290551{padding-top: 50px !important;padding-right: 15px !important;padding-left: 30px !important;}&#8221; css_mobile=&#8221;.vc_custom_1599044290552{padding-top: 50px !important;padding-right: 15px !important;padding-left: 15px !important;}&#8221;]<header class=\"kd-section-title col-lg-12 text-left  subtitle-below-title kd-animated fadeIn   vc_custom_1709827245908\" data-animation-delay=200><h2 class=\"separator_off\" style=\"margin-bottom:30px;\">Notre principe : Aucun compromis sur la s\u00e9curit\u00e9.<\/h2><\/header>[vc_column_text]<\/p>\n<blockquote>\n<p>Nous assurons non seulement des livraisons fiables et rapides de nos produits dans votre magasin<\/p>\n<\/blockquote>\n<p>Nous nous assurons \u00e9galement de respecter les r\u00e9glementations internationales de l&#8217;HACCP pour les aliments surgel\u00e9s, jusqu&#8217;\u00e0 vos locaux commerciaux : cela inclut la manipulation correcte des marchandises pendant le transport, la protection contre la contamination et le respect des temp\u00e9ratures requises. Et nous le garantissons nous-m\u00eames, gr\u00e2ce \u00e0 nos v\u00e9hicules r\u00e9frig\u00e9r\u00e9s, \u00e0 nos contenants ad\u00e9quats et \u00e0 notre emballage.[\/vc_column_text][\/vc_column_inner][\/vc_row_inner][\/vc_tta_section][\/vc_tta_tabs][\/vc_column][\/vc_row][vc_row full_width=&#8221;stretch_row&#8221; kd_background_image_position=&#8221;vc_row-bg-position-top&#8221; css=&#8221;.vc_custom_1686494774996{padding-top: 110px !important;background: #21233f url(https:\/\/royaldoener.ch\/en\/wp-content\/uploads\/2023\/06\/Map.png?id=10081) !important;background-position: 0 0 !important;background-repeat: no-repeat !important;}&#8221; el_class=&#8221;background-blend&#8221;][vc_column css=&#8221;.vc_custom_1597665991208{padding-right: 0px !important;padding-left: 0px !important;}&#8221;]<header class=\"kd-section-title col-lg-12 text-center  subtitle-below-title kd-animated fadeIn   vc_custom_1709839650445\" data-animation-delay=200><h2 class=\"separator_off\" style=\"color: #ffffff;\">Contactez-nous, nous sommes \u00e0 votre disposition.<br \/>\nR\u00e9ponse sous 24 heures.<\/h2><\/header>[vc_row_inner kd_background_image_position=&#8221;vc_row-bg-position-top&#8221; css_tablet_portrait=&#8221;.vc_custom_1611231204463{margin-bottom: 50px !important;}&#8221; css_mobile=&#8221;.vc_custom_1611231204463{margin-bottom: 0px !important;}&#8221;][vc_column_inner width=&#8221;1\/4&#8243; offset=&#8221;vc_col-lg-3 vc_col-md-6&#8243;]<div class=\"key-icon-box icon-default icon-top cont-center ib-no-effect    with-border icon-no-background icon-no-border kd-animated fadeInUp panel-trigger-btn\" style=\"background-color: transparent;border: 1px solid rgba(119,122,242,0.3);\" ><a href=\"\" target=\"_self\"><div class=\"ib-wrapper\" style=\"padding-bottom:50px;\"><div class=\"ib-simple-icon-wrapper\" style=\"margin-bottom:30px;\"><i class=\"iconsmind-Speach-BubbleComic2 iconsmind-Speech-Bubbles\" style=\"font-size: 40px;font-weight: 400;\"><\/i> <\/div><h6 class=\"service-heading\" style=\"color: #ffffff;\">R\u00e9ponse rapide<\/h6><p style=\"color:#ffffff;\">Vous pouvez nous envoyer un message rapidement et facilement ici.<\/p><\/div><\/a><\/div>[\/vc_column_inner][vc_column_inner width=&#8221;1\/4&#8243; offset=&#8221;vc_col-lg-3 vc_col-md-6&#8243;]<div class=\"key-icon-box icon-default icon-top cont-center ib-no-effect    with-border icon-no-background icon-no-border kd-animated fadeInUp\" style=\"background-color: transparent;border: 1px solid rgba(119,122,242,0.3);\" data-animation-delay=200><a href=\"tel:+41522330200\" target=\"_self\"><div class=\"ib-wrapper\" style=\"padding-bottom:50px;\"><div class=\"ib-simple-icon-wrapper\" style=\"margin-bottom:30px;\"><i class=\"iconsmind-Phone-2 iconsmind-Desktop-apps\" style=\"font-size: 40px;font-weight: 400;\"><\/i> <\/div><h6 class=\"service-heading\" style=\"color: #ffffff;\">Discutons!<\/h6><p style=\"color:#ffffff;\">Notre \u00e9quipe est l\u00e0 pour vous, pour \u00e9couter et trouver des solutions.<\/p><\/div><\/a><\/div>[\/vc_column_inner][vc_column_inner width=&#8221;1\/4&#8243; offset=&#8221;vc_col-lg-3 vc_col-md-6&#8243;]<div class=\"key-icon-box icon-default icon-top cont-center ib-no-effect    with-border icon-no-background icon-no-border kd-animated fadeInUp\" style=\"background-color: transparent;border: 1px solid rgba(119,122,242,0.3);\" data-animation-delay=400><a href=\"https:\/\/www.facebook.com\/royaldoener\" target=\"_blank\" rel=\"noopener\"><div class=\"ib-wrapper\" style=\"padding-bottom:50px;\"><div class=\"ib-simple-icon-wrapper\" style=\"margin-bottom:30px;\"><i class=\"iconsmind-Facebook iconsmind-Social-Media\" style=\"font-size: 40px;font-weight: 400;\"><\/i> <\/div><h6 class=\"service-heading\" style=\"color: #ffffff;\">M\u00e9dias Sociaux<\/h6><p style=\"color:#ffffff;\">Joignez-vous \u00e0 nous d\u00e8s maintenant sur les r\u00e9seaux sociaux!<\/p><\/div><\/a><\/div>[\/vc_column_inner][vc_column_inner width=&#8221;1\/4&#8243; offset=&#8221;vc_col-lg-3 vc_col-md-6&#8243;]<div class=\"key-icon-box icon-default icon-top cont-center ib-no-effect    with-border icon-no-background icon-no-border kd-animated fadeInUp\" style=\"background-color: transparent;border: 1px solid rgba(119,122,242,0.3);\" data-animation-delay=600><a href=\"https:\/\/royaldoener.ch\/en\/kontakt\" target=\"_self\"><div class=\"ib-wrapper\" style=\"padding-bottom:50px;\"><div class=\"ib-simple-icon-wrapper\" style=\"margin-bottom:30px;\"><i class=\"iconsmind-Support iconsmind-User-Interface\" style=\"font-size: 40px;font-weight: 400;\"><\/i> <\/div><h6 class=\"service-heading\" style=\"color: #ffffff;\">Soutien<\/h6><p style=\"color:#ffffff;\">Nous vous offrons aide et soutien pour vos pr\u00e9occupations.<\/p><\/div><\/a><\/div>[\/vc_column_inner][\/vc_row_inner][\/vc_column][\/vc_row][vc_row kd_background_image_position=&#8221;vc_row-bg-position-top&#8221;][vc_column][vc_column_text][\/vc_column_text][\/vc_column][\/vc_row]<\/p>\n<\/section>","protected":false},"excerpt":{"rendered":"<p>[vc_row kd_background_image_position=&#8221;vc_row-bg-position-top&#8221;][vc_column][vc_empty_space height=&#8221;150px&#8221;][\/vc_column][\/vc_row][vc_row full_width=&#8221;stretch_row_content_no_spaces&#8221; kd_background_image_position=&#8221;vc_row-bg-position-top&#8221;][vc_column][vc_tta_tabs shape=&#8221;round&#8221; alignment=&#8221;center&#8221; active_section=&#8221;1&#8243; pagination_style=&#8221;flat-square&#8221; pagination_color=&#8221;orange&#8221; css_animation=&#8221;bounceInDown&#8221;][vc_tta_section i_icon_fontawesome=&#8221;fas fa-crown&#8221; add_icon=&#8221;true&#8221; title=&#8221;\u00c0 PROPOS DU D\u00d6NER&#8221; tab_id=&#8221;ueber-doner&#8221;][vc_row_inner content_placement=&#8221;middle&#8221; [&hellip;]<\/p>\n","protected":false},"author":1,"featured_media":0,"parent":0,"menu_order":0,"comment_status":"closed","ping_status":"closed","template":"","meta":{"footnotes":""},"class_list":["post-9971","page","type-page","status-publish","hentry"],"_links":{"self":[{"href":"https:\/\/royaldoener.ch\/fr\/wp-json\/wp\/v2\/pages\/9971","targetHints":{"allow":["GET"]}}],"collection":[{"href":"https:\/\/royaldoener.ch\/fr\/wp-json\/wp\/v2\/pages"}],"about":[{"href":"https:\/\/royaldoener.ch\/fr\/wp-json\/wp\/v2\/types\/page"}],"author":[{"embeddable":true,"href":"https:\/\/royaldoener.ch\/fr\/wp-json\/wp\/v2\/users\/1"}],"replies":[{"embeddable":true,"href":"https:\/\/royaldoener.ch\/fr\/wp-json\/wp\/v2\/comments?post=9971"}],"version-history":[{"count":68,"href":"https:\/\/royaldoener.ch\/fr\/wp-json\/wp\/v2\/pages\/9971\/revisions"}],"predecessor-version":[{"id":11080,"href":"https:\/\/royaldoener.ch\/fr\/wp-json\/wp\/v2\/pages\/9971\/revisions\/11080"}],"wp:attachment":[{"href":"https:\/\/royaldoener.ch\/fr\/wp-json\/wp\/v2\/media?parent=9971"}],"curies":[{"name":"wp","href":"https:\/\/api.w.org\/{rel}","templated":true}]}}