{"id":9554,"date":"2021-09-17T09:49:48","date_gmt":"2021-09-17T09:49:48","guid":{"rendered":"https:\/\/www.mazdek.ch\/demo-import\/?page_id=9554"},"modified":"2024-03-07T21:49:13","modified_gmt":"2024-03-07T20:49:13","slug":"emplois","status":"publish","type":"page","link":"https:\/\/royaldoener.ch\/fr\/emplois\/","title":{"rendered":"Emplois"},"content":{"rendered":"<section class=\"wpb-content-wrapper\"><p>[vc_row full_width=&#8221;stretch_row_content_no_spaces&#8221; kd_background_image_position=&#8221;vc_row-bg-position-top&#8221; el_class=&#8221;hide-bg-on-mobile&#8221; css_tablet_portrait=&#8221;.vc_custom_1606131156444{padding-top: 0px !important;}&#8221; css_mobile=&#8221;.vc_custom_1606131156446{padding-top: 0px !important;}&#8221;][vc_column css=&#8221;.vc_custom_1513003956648{padding-top: 0px !important;}&#8221;][vc_row_inner full_width=&#8221;inner_row_contained&#8221; kd_background_image_position=&#8221;vc_row-bg-position-top&#8221; kd_background_overlay=&#8221;true&#8221; el_class=&#8221;border-bottom-radius&#8221; css=&#8221;.vc_custom_1627491521454{margin-right: 60px !important;margin-left: 60px !important;padding-top: 240px !important;padding-bottom: 170px !important;border-radius: 50px !important;}&#8221; css_tablet_portrait=&#8221;.vc_custom_1627491521455{margin-right: 0px !important;margin-left: 0px !important;padding-top: 100px !important;padding-right: 15px !important;padding-bottom: 100px !important;padding-left: 15px !important;}&#8221; css_mobile=&#8221;.vc_custom_1627491521455{margin-right: 0px !important;margin-left: 0px !important;padding-top: 100px !important;padding-right: 15px !important;padding-bottom: 120px !important;padding-left: 15px !important;}&#8221; css_tablet_landscape=&#8221;.vc_custom_1627491521455{margin-right: 0px !important;margin-left: 0px !important;padding-top: 200px !important;padding-bottom: 100px !important;}&#8221;][vc_column_inner width=&#8221;1\/2&#8243; css=&#8221;.vc_custom_1627490784948{padding-top: 50px !important;padding-left: 0px !important;}&#8221; css_tablet_portrait=&#8221;.vc_custom_1627490784949{padding-top: 0px !important;}&#8221; css_mobile=&#8221;.vc_custom_1627490784949{padding-top: 0px !important;}&#8221;]<header class=\"kd-section-title col-lg-12 text-left  subtitle-below-title kd-animated fadeIn   vc_custom_1709827714253\" data-animation-delay=200><h1 class=\"separator_off\" style=\"font-size: 70px;line-height: 80px;margin-bottom:40px;\">\u00c0 la recherche d'une nouvelle carri\u00e8re ?<\/h1><h6 class=\"subtitle\" style=\"font-size:20px;\">La vie chez Royal D\u00f6ner ? Tout simplement magnifique !<\/h6><\/header><a  href=\"#form\"  class=\"tt_button tt_primary_button btn_primary_color  btn-align-left button-scroll-to-section icon_right  vc_custom_1709827731734 kd-animated zoomIn btn-smooth-scroll\" data-animation-delay=200><span class=\"prim_text\">Afficher les postes ouverts.<\/span><span class=\"fas fa-chevron-right iconita\" ><\/span><\/a><div class=\"scroll-down-wrapper  kd-animated fadeInUp  vc_custom_1606132150367\" data-animation-delay=400><a href=\"#first-section\" class=\"scroll-down-arrow btn-smooth-scroll\"  aria-label=\"Scroll down\"><\/a><\/div>[\/vc_column_inner][vc_column_inner width=&#8221;1\/2&#8243; css=&#8221;.vc_custom_1606131467300{padding-top: 20px !important;padding-right: 0px !important;}&#8221; css_tablet_portrait=&#8221;.vc_custom_1606131467302{padding-top: 0px !important;padding-right: 15px !important;padding-left: 15px !important;}&#8221; css_mobile=&#8221;.vc_custom_1606131467302{padding-top: 50px !important;padding-right: 0px !important;padding-left: 0px !important;}&#8221;]<div class=\"kd-photo-group group-layout-center-right large-shadow enable-parallax\">\n                <div class=\"kd-group-image first-image-wrapper\"><div class=\"kd-group-image-animation kd-animated fadeInDown\" data-animation-delay=200><img loading=\"lazy\" decoding=\"async\" width=\"370\" height=\"390\" src=\"https:\/\/royaldoener.ch\/fr\/wp-content\/uploads\/2023\/05\/royal-jobs2-1.jpg\" class=\"attachment-full\" alt=\"\" title=\"royal-jobs2\" srcset=\"https:\/\/royaldoener.ch\/fr\/wp-content\/uploads\/2023\/05\/royal-jobs2-1.jpg 370w, https:\/\/royaldoener.ch\/fr\/wp-content\/uploads\/2023\/05\/royal-jobs2-1-285x300.jpg 285w\" sizes=\"auto, (max-width: 370px) 100vw, 370px\" \/><\/div><\/div>\n                <div class=\"kd-group-image second-image-wrapper\" style=\"bottom: -30%;\"><div class=\"kd-group-image-animation kd-animated fadeInUp\" data-animation-delay=200><img loading=\"lazy\" decoding=\"async\" width=\"370\" height=\"390\" src=\"https:\/\/royaldoener.ch\/fr\/wp-content\/uploads\/2023\/05\/royal-jobs1-1.jpg\" class=\"attachment-full\" alt=\"\" title=\"royal-jobs1\" srcset=\"https:\/\/royaldoener.ch\/fr\/wp-content\/uploads\/2023\/05\/royal-jobs1-1.jpg 370w, https:\/\/royaldoener.ch\/fr\/wp-content\/uploads\/2023\/05\/royal-jobs1-1-285x300.jpg 285w\" sizes=\"auto, (max-width: 370px) 100vw, 370px\" \/><\/div><\/div>\n            <\/div><div class=\"kd-shapes shape_dots with-parallax kd-animated fadeIn\" style=\"top: -40px;left: 77px;width: 309px;height: 173px;\" data-parallax-speed=\"0.1\" data-animation-delay=400><\/div><div class=\"kd-shapes shape_dots with-parallax kd-animated fadeIn\" style=\"right: -147px;bottom: -30px;width: 172px;height: 222px;\" data-parallax-speed=\"0.15\" data-animation-delay=400><\/div>[\/vc_column_inner][\/vc_row_inner][\/vc_column][\/vc_row][vc_row full_width=&#8221;stretch_row&#8221; kd_background_image_position=&#8221;vc_row-bg-position-top&#8221; css=&#8221;.vc_custom_1627491615189{padding-top: 40px !important;}&#8221; el_id=&#8221;first-section&#8221;][vc_column css=&#8221;.vc_custom_1516008233239{padding-right: 0px !important;padding-left: 0px !important;}&#8221;]<div class=\"kd-calltoaction\" >\n                <div class=\"container\">\n                  <div class=\"cta-text-container kd-animated fadeIn\" data-animation-delay=\"200\"><div class=\"cta-text\"><h2 >Quels sont les avantages ?<\/h2><p >En tant que membre de l'\u00e9quipe chez Royal D\u00f6ner, vous b\u00e9n\u00e9ficierez d'une vari\u00e9t\u00e9 d'avantages, notamment des opportunit\u00e9s d'avancement de carri\u00e8re, un environnement de travail favorable, des horaires flexibles, des r\u00e9ductions pour le personnel<br \/>\net une culture d'entreprise inclusive.<\/p><\/div>\n                    <\/div>\n                    <div class=\"cta-btncontainer\"><a href=\"#form\"  title=\"\" class=\"tt_button tt_primary_button btn_primary_color  button-action-link icon_right kd-animated zoomIn\" data-animation-delay=\"200\">Rejoignez l'\u00e9quipe<span class=\"fas fa-chevron-right iconita\" ><\/span><\/a><\/div>\n                <\/div>\n            <\/div>[vc_row_inner kd_background_image_position=&#8221;vc_row-bg-position-top&#8221; css=&#8221;.vc_custom_1598637839887{padding-bottom: 30px !important;}&#8221; css_tablet_portrait=&#8221;.vc_custom_1598637839888{padding-bottom: 0px !important;}&#8221; css_mobile=&#8221;.vc_custom_1598637839889{padding-bottom: 0px !important;}&#8221; css_tablet_landscape=&#8221;.vc_custom_1598637839888{padding-bottom: 0px !important;}&#8221;][vc_column_inner width=&#8221;1\/3&#8243;]<div class=\"key-icon-box icon-default icon-left cont-left ib-hover-1     icon-no-background icon-no-border kd-animated fadeInUp\" style=\"background-color: #f4f5fd;\" data-animation-delay=200><div class=\"ib-wrapper\" style=\"padding-top:45px;padding-bottom:45px;padding-left:35px;padding-right:35px;background-color:#f4f5fd;\"><div class=\"ib-simple-icon-wrapper\" ><i class=\"fas fa-percentage\" style=\"font-size: 40px;\"><\/i> <\/div><h5 class=\"service-heading\" >R\u00e9ductions Pour les Employ\u00e9s<\/h5><p style=\"font-size: 17px;\">En tant que membre ch\u00e9ri de la famille Royal D\u00f6ner, vous b\u00e9n\u00e9ficierez de r\u00e9ductions exclusives dans tous nos restaurants.<\/p><\/div><\/div>[\/vc_column_inner][vc_column_inner width=&#8221;1\/3&#8243;]<div class=\"key-icon-box icon-default icon-left cont-left ib-hover-1     icon-no-background icon-no-border kd-animated fadeInUp\" style=\"background-color: #f4f5fd;\" data-animation-delay=200><div class=\"ib-wrapper\" style=\"padding-top:45px;padding-bottom:45px;padding-left:35px;padding-right:35px;background-color:#f4f5fd;\"><div class=\"ib-simple-icon-wrapper\" ><i class=\"fas fa-users\" style=\"font-size: 40px;\"><\/i> <\/div><h5 class=\"service-heading\" >Environnement de Travail<\/h5><p style=\"font-size: 17px;\">Notre culture est fond\u00e9e sur la coll\u00e9gialit\u00e9 et le soutien mutuel, avec un fort accent mis sur le d\u00e9veloppement de l'esprit d'\u00e9quipe.<\/p><\/div><\/div>[\/vc_column_inner][vc_column_inner width=&#8221;1\/3&#8243;]<div class=\"key-icon-box icon-default icon-left cont-left ib-hover-1     icon-no-background icon-no-border kd-animated fadeInUp\" style=\"background-color: #f4f5fd;\" data-animation-delay=600><div class=\"ib-wrapper\" style=\"padding-top:45px;padding-bottom:45px;padding-left:35px;padding-right:35px;background-color:#f4f5fd;\"><div class=\"ib-simple-icon-wrapper\" ><i class=\"fas fa-clock\" style=\"font-size: 40px;\"><\/i> <\/div><h5 class=\"service-heading\" >Horaires de Travail Flexibles<\/h5><p style=\"font-size: 17px;\">Nous proposons des horaires de travail hautement flexibles pour vous aider \u00e0 concilier facilement votre vie professionnelle et personnelle.<\/p><\/div><\/div>[\/vc_column_inner][\/vc_row_inner][vc_row_inner kd_background_image_position=&#8221;vc_row-bg-position-top&#8221; css=&#8221;.vc_custom_1631201193384{padding-bottom: 100px !important;}&#8221; css_tablet_portrait=&#8221;.vc_custom_1631201193385{padding-bottom: 70px !important;}&#8221; css_mobile=&#8221;.vc_custom_1631201193385{padding-bottom: 70px !important;}&#8221;][vc_column_inner width=&#8221;1\/3&#8243;]<div class=\"key-icon-box icon-default icon-left cont-left ib-hover-1     icon-no-background icon-no-border kd-animated fadeInUp\" style=\"background-color: #f4f5fd;\" data-animation-delay=600><div class=\"ib-wrapper\" style=\"padding-top:45px;padding-bottom:45px;padding-left:35px;padding-right:35px;background-color:#f4f5fd;\"><div class=\"ib-simple-icon-wrapper\" ><i class=\"fas fa-check-double\" style=\"font-size: 40px;\"><\/i> <\/div><h5 class=\"service-heading\" >Diversit\u00e9 et Inclusion<\/h5><p style=\"font-size: 17px;\">Nous sommes fiers de notre main-d'\u0153uvre diversifi\u00e9e et promouvons activement une culture de respect o\u00f9 tout le monde est le bienvenu.<\/p><\/div><\/div>[\/vc_column_inner][vc_column_inner width=&#8221;1\/3&#8243;]<div class=\"key-icon-box icon-default icon-left cont-left ib-hover-1     icon-no-background icon-no-border kd-animated fadeInUp\" style=\"background-color: #f4f5fd;\" data-animation-delay=400><div class=\"ib-wrapper\" style=\"padding-top:45px;padding-bottom:45px;padding-left:35px;padding-right:35px;background-color:#f4f5fd;\"><div class=\"ib-simple-icon-wrapper\" ><i class=\"fas fa-tasks\" style=\"font-size: 40px;\"><\/i> <\/div><h5 class=\"service-heading\" >\u00c9volution de Carri\u00e8re<\/h5><p style=\"font-size: 17px;\">Royal D\u00f6ner offre des perspectives d'\u00e9volution gr\u00e2ce \u00e0 des formations internes et des opportunit\u00e9s de d\u00e9veloppement professionnel.<\/p><\/div><\/div>[\/vc_column_inner][vc_column_inner width=&#8221;1\/3&#8243;]<div class=\"key-icon-box icon-default icon-left cont-left ib-hover-1     icon-no-background icon-no-border kd-animated fadeInUp\" style=\"background-color: #f4f5fd;\" data-animation-delay=400><div class=\"ib-wrapper\" style=\"padding-top:45px;padding-bottom:45px;padding-left:35px;padding-right:35px;background-color:#f4f5fd;\"><div class=\"ib-simple-icon-wrapper\" ><i class=\"fas fa-heartbeat\" style=\"font-size: 40px;\"><\/i> <\/div><h5 class=\"service-heading\" >Sant\u00e9<\/h5><p style=\"font-size: 17px;\">Nous accordons une grande importance \u00e0 la sant\u00e9 et \u00e0 la s\u00e9curit\u00e9 de nos employ\u00e9s, ce qui se refl\u00e8te dans nos normes et nos pratiques \u00e9lev\u00e9es.<\/p><\/div><\/div>[\/vc_column_inner][\/vc_row_inner][\/vc_column][\/vc_row][vc_row kd_background_image_position=&#8221;vc_row-bg-position-top&#8221;][vc_column][vc_separator color=&#8221;custom&#8221; accent_color=&#8221;#e7e7e7&#8243;][\/vc_column][\/vc_row][vc_row full_width=&#8221;stretch_row&#8221; kd_background_image_position=&#8221;vc_row-bg-position-top&#8221; el_class=&#8221;zindex with-gradient&#8221; css=&#8221;.vc_custom_1684229956552{padding-top: 100px !important;padding-bottom: 100px !important;}&#8221; el_id=&#8221;form&#8221;][vc_column]<header class=\"kd-section-title col-lg-12 text-center  subtitle-below-title kd-animated fadeIn   vc_custom_1709844436220\" data-animation-delay=200><h2 class=\"separator_off\" style=\"font-size: 38px;line-height: 48px;\">Actuellement, il n'y a aucun poste ouvert disponible<\/h2><h6 class=\"subtitle\" >M\u00eame si nous n'avons pas actuellement d'offres d'emploi disponibles, nous sommes toujours d\u00e9sireux de d\u00e9couvrir de nouveaux talents.<\/h6><\/header>[vc_row_inner kd_background_image_position=&#8221;vc_row-bg-position-top&#8221; css=&#8221;.vc_custom_1602841649135{margin-right: 120px !important;margin-left: 120px !important;padding-bottom: 30px !important;background-color: #ffffff !important;border-radius: 10px !important;}&#8221; el_class=&#8221;with-grey-shadow overflow-hidden&#8221; css_tablet_portrait=&#8221;.vc_custom_1602841649136{margin-right: 0px !important;margin-left: 0px !important;}&#8221; css_mobile=&#8221;.vc_custom_1602841649137{margin-right: 0px !important;margin-left: 0px !important;}&#8221;][vc_column_inner css=&#8221;.vc_custom_1602672546726{padding-top: 70px !important;padding-right: 60px !important;padding-bottom: 23px !important;padding-left: 60px !important;}&#8221; offset=&#8221;vc_col-lg-offset-0 vc_col-lg-12 vc_col-md-offset-0 vc_col-md-12 vc_col-sm-offset-0&#8243; css_tablet_portrait=&#8221;.vc_custom_1602672546727{padding-right: 30px !important;padding-left: 30px !important;}&#8221; css_mobile=&#8221;.vc_custom_1602672546728{padding-right: 30px !important;padding-left: 30px !important;}&#8221;]<header class=\"kd-section-title col-lg-12 text-center  subtitle-below-title kd-animated fadeIn  \" data-animation-delay=200><h4 class=\"separator_off\" >Remplissez le Formulaire<\/h4><\/header><div class=\"kd-contact-form full-width-cf  cf-with-border   kd-animated fadeIn\" data-animation-delay=200>\n<div class=\"wpcf7 no-js\" id=\"wpcf7-f9952-o1\" lang=\"de-CH\" dir=\"ltr\" data-wpcf7-id=\"9952\">\n<div class=\"screen-reader-response\"><p role=\"status\" aria-live=\"polite\" aria-atomic=\"true\"><\/p> <ul><\/ul><\/div>\n<form action=\"\/fr\/wp-json\/wp\/v2\/pages\/9554#wpcf7-f9952-o1\" method=\"post\" class=\"wpcf7-form init\" aria-label=\"Contact form\" enctype=\"multipart\/form-data\" novalidate=\"novalidate\" data-status=\"init\">\n<fieldset class=\"hidden-fields-container\"><input type=\"hidden\" name=\"_wpcf7\" value=\"9952\" \/><input type=\"hidden\" name=\"_wpcf7_version\" value=\"6.1.5\" \/><input type=\"hidden\" name=\"_wpcf7_locale\" value=\"de_CH\" \/><input type=\"hidden\" name=\"_wpcf7_unit_tag\" value=\"wpcf7-f9952-o1\" \/><input type=\"hidden\" name=\"_wpcf7_container_post\" value=\"0\" \/><input type=\"hidden\" name=\"_wpcf7_posted_data_hash\" value=\"\" \/><input type=\"hidden\" name=\"_wpcf7_recaptcha_response\" value=\"\" \/>\n<\/fieldset>\n<div class=\"cf-section\">\n\t<h5>Informations Personnelles\n\t<\/h5>\n\t<div class=\"row\">\n\t\t<div class=\"col-xs-12 col-sm-12 col-md-6 col-lg-6\">\n\t\t\t<p><span class=\"wpcf7-form-control-wrap\" data-name=\"your-name\"><input size=\"40\" maxlength=\"400\" class=\"wpcf7-form-control wpcf7-text wpcf7-validates-as-required\" aria-required=\"true\" aria-invalid=\"false\" placeholder=\"Nom*\" value=\"\" type=\"text\" name=\"your-name\" \/><\/span>\n\t\t\t<\/p>\n\t\t<\/div>\n\t\t<div class=\"col-xs-12 col-sm-12 col-md-6 col-lg-6\">\n\t\t\t<p><span class=\"wpcf7-form-control-wrap\" data-name=\"your-email\"><input size=\"40\" maxlength=\"400\" class=\"wpcf7-form-control wpcf7-email wpcf7-validates-as-required wpcf7-text wpcf7-validates-as-email\" aria-required=\"true\" aria-invalid=\"false\" placeholder=\"Email*\" value=\"\" type=\"email\" name=\"your-email\" \/><\/span>\n\t\t\t<\/p>\n\t\t<\/div>\n\t<\/div>\n\t<div class=\"row\">\n\t\t<div class=\"col-xs-12 col-sm-12 col-md-6 col-lg-6\">\n\t\t\t<p><span class=\"wpcf7-form-control-wrap\" data-name=\"your-phone\"><input size=\"40\" maxlength=\"400\" class=\"wpcf7-form-control wpcf7-tel wpcf7-validates-as-required wpcf7-text wpcf7-validates-as-tel\" aria-required=\"true\" aria-invalid=\"false\" placeholder=\"T\u00e9l\u00e9phone*\" value=\"\" type=\"tel\" name=\"your-phone\" \/><\/span>\n\t\t\t<\/p>\n\t\t<\/div>\n\t\t<div class=\"col-xs-12 col-sm-12 col-md-6 col-lg-6\">\n\t\t\t<p><span class=\"wpcf7-form-control-wrap\" data-name=\"your-address\"><input size=\"40\" maxlength=\"400\" class=\"wpcf7-form-control wpcf7-text wpcf7-validates-as-required\" aria-required=\"true\" aria-invalid=\"false\" placeholder=\"Adresse*\" value=\"\" type=\"text\" name=\"your-address\" \/><\/span>\n\t\t\t<\/p>\n\t\t<\/div>\n\t<\/div>\n<\/div>\n<div class=\"cf-section\">\n\t<h5>Informations sur l'Application\n\t<\/h5>\n\t<div class=\"row\">\n\t\t<div class=\"col-xs-12 col-sm-12 col-md-6 col-lg-6\">\n\t\t\t<p><span class=\"wpcf7-form-control-wrap\" data-name=\"job-position\"><select class=\"wpcf7-form-control wpcf7-select wpcf7-validates-as-required\" aria-required=\"true\" aria-invalid=\"false\" name=\"job-position\"><option value=\"Choisissez une position\">Choisissez une position<\/option><option value=\"Ventes internes\">Ventes internes<\/option><option value=\"Directeur des ventes\">Directeur des ventes<\/option><option value=\"Logisticien\">Logisticien<\/option><option value=\"Ouvrier de production\">Ouvrier de production<\/option><option value=\"M\u00e9canicien de maintenance\">M\u00e9canicien de maintenance<\/option><\/select><\/span>\n\t\t\t<\/p>\n\t\t<\/div>\n\t\t<div class=\"col-xs-12 col-sm-12 col-md-6 col-lg-6\">\n\t\t\t<p><span class=\"wpcf7-form-control-wrap\" data-name=\"job-type\"><select class=\"wpcf7-form-control wpcf7-select wpcf7-validates-as-required\" aria-required=\"true\" aria-invalid=\"false\" name=\"job-type\"><option value=\"Type d&#039;emploi\">Type d&#039;emploi<\/option><option value=\"Temps plein\">Temps plein<\/option><option value=\"Temps partiel\">Temps partiel<\/option><option value=\"Temporaire\">Temporaire<\/option><\/select><\/span>\n\t\t\t<\/p>\n\t\t<\/div>\n\t<\/div>\n\t<div class=\"row\">\n\t\t<div class=\"col-xs-12 col-sm-12 col-md-6 col-lg-6\">\n\t\t\t<p><span class=\"wpcf7-form-control-wrap\" data-name=\"job-location\"><select class=\"wpcf7-form-control wpcf7-select wpcf7-validates-as-required\" aria-required=\"true\" aria-invalid=\"false\" name=\"job-location\"><option value=\"Localisation\">Localisation<\/option><option value=\"Winterthur\">Winterthur<\/option><option value=\"Autre\">Autre<\/option><\/select><\/span>\n\t\t\t<\/p>\n\t\t<\/div>\n\t\t<div class=\"col-xs-12 col-sm-12 col-md-6 col-lg-6\">\n\t\t\t<p><span class=\"wpcf7-form-control-wrap\" data-name=\"your-cv\"><input size=\"40\" class=\"wpcf7-form-control wpcf7-file wpcf7-validates-as-required\" accept=\".pdf,.doc,.docx\" aria-required=\"true\" aria-invalid=\"false\" type=\"file\" name=\"your-cv\" \/><\/span>\n\t\t\t<\/p>\n\t\t<\/div>\n\t<\/div>\n<\/div>\n<div class=\"cf-section\">\n\t<h5>Informations Suppl\u00e9mentaires\n\t<\/h5>\n\t<div class=\"row\">\n\t\t<div class=\"col-xs-12 col-sm-12 col-md-12 col-lg-12\">\n\t\t\t<p><span class=\"wpcf7-form-control-wrap\" data-name=\"your-message\"><textarea cols=\"40\" rows=\"10\" maxlength=\"2000\" class=\"wpcf7-form-control wpcf7-textarea\" aria-invalid=\"false\" placeholder=\"Informations suppl\u00e9mentaires\" name=\"your-message\"><\/textarea><\/span>\n\t\t\t<\/p>\n\t\t<\/div>\n\t<\/div>\n<\/div>\n<p><input class=\"wpcf7-form-control wpcf7-submit has-spinner\" type=\"submit\" value=\"Postuler Maintenant\" \/>\n<\/p><div class=\"wpcf7-response-output\" aria-hidden=\"true\"><\/div>\n<\/form>\n<\/div>\n<\/div>[\/vc_column_inner][\/vc_row_inner][\/vc_column][\/vc_row][vc_row full_width=&#8221;stretch_row&#8221; kd_background_image_position=&#8221;vc_row-bg-position-top&#8221; css=&#8221;.vc_custom_1686494836261{padding-top: 110px !important;background: #21233f url(https:\/\/royaldoener.ch\/en\/wp-content\/uploads\/2023\/06\/Map.png?id=10081) !important;background-position: 0 0 !important;background-repeat: no-repeat !important;}&#8221; el_class=&#8221;background-blend&#8221;][vc_column css=&#8221;.vc_custom_1597665991208{padding-right: 0px !important;padding-left: 0px !important;}&#8221;]<header class=\"kd-section-title col-lg-12 text-center  subtitle-below-title kd-animated fadeIn   vc_custom_1709839586926\" data-animation-delay=200><h2 class=\"separator_off\" style=\"color: #ffffff;\">Contactez-nous, nous sommes \u00e0 votre disposition.<br \/>\nR\u00e9ponse sous 24 heures.<\/h2><\/header>[vc_row_inner kd_background_image_position=&#8221;vc_row-bg-position-top&#8221; css_tablet_portrait=&#8221;.vc_custom_1611231204463{margin-bottom: 50px !important;}&#8221; css_mobile=&#8221;.vc_custom_1611231204463{margin-bottom: 0px !important;}&#8221;][vc_column_inner width=&#8221;1\/4&#8243; offset=&#8221;vc_col-lg-3 vc_col-md-6&#8243;]<div class=\"key-icon-box icon-default icon-top cont-center ib-no-effect    with-border icon-no-background icon-no-border kd-animated fadeInUp panel-trigger-btn\" style=\"background-color: transparent;border: 1px solid rgba(119,122,242,0.3);\" ><a href=\"\" target=\"_self\"><div class=\"ib-wrapper\" style=\"padding-bottom:50px;\"><div class=\"ib-simple-icon-wrapper\" style=\"margin-bottom:30px;\"><i class=\"iconsmind-Speach-BubbleComic2 iconsmind-Speech-Bubbles\" style=\"font-size: 40px;font-weight: 400;\"><\/i> <\/div><h6 class=\"service-heading\" style=\"color: #ffffff;\">R\u00e9ponse rapide<\/h6><p style=\"color:#ffffff;\">Vous pouvez nous envoyer un message rapidement et facilement ici.<\/p><\/div><\/a><\/div>[\/vc_column_inner][vc_column_inner width=&#8221;1\/4&#8243; offset=&#8221;vc_col-lg-3 vc_col-md-6&#8243;]<div class=\"key-icon-box icon-default icon-top cont-center ib-no-effect    with-border icon-no-background icon-no-border kd-animated fadeInUp\" style=\"background-color: transparent;border: 1px solid rgba(119,122,242,0.3);\" data-animation-delay=200><a href=\"tel:+41522330200\" target=\"_self\"><div class=\"ib-wrapper\" style=\"padding-bottom:50px;\"><div class=\"ib-simple-icon-wrapper\" style=\"margin-bottom:30px;\"><i class=\"iconsmind-Phone-2 iconsmind-Desktop-apps\" style=\"font-size: 40px;font-weight: 400;\"><\/i> <\/div><h6 class=\"service-heading\" style=\"color: #ffffff;\">Discutons!<\/h6><p style=\"color:#ffffff;\">Notre \u00e9quipe est l\u00e0 pour vous, pour \u00e9couter et trouver des solutions.<\/p><\/div><\/a><\/div>[\/vc_column_inner][vc_column_inner width=&#8221;1\/4&#8243; offset=&#8221;vc_col-lg-3 vc_col-md-6&#8243;]<div class=\"key-icon-box icon-default icon-top cont-center ib-no-effect    with-border icon-no-background icon-no-border kd-animated fadeInUp\" style=\"background-color: transparent;border: 1px solid rgba(119,122,242,0.3);\" data-animation-delay=400><a href=\"https:\/\/www.facebook.com\/royaldoener\" target=\"_blank\" rel=\"noopener\"><div class=\"ib-wrapper\" style=\"padding-bottom:50px;\"><div class=\"ib-simple-icon-wrapper\" style=\"margin-bottom:30px;\"><i class=\"iconsmind-Facebook iconsmind-Social-Media\" style=\"font-size: 40px;font-weight: 400;\"><\/i> <\/div><h6 class=\"service-heading\" style=\"color: #ffffff;\">M\u00e9dias Sociaux<\/h6><p style=\"color:#ffffff;\">Joignez-vous \u00e0 nous d\u00e8s maintenant sur les r\u00e9seaux sociaux!<\/p><\/div><\/a><\/div>[\/vc_column_inner][vc_column_inner width=&#8221;1\/4&#8243; offset=&#8221;vc_col-lg-3 vc_col-md-6&#8243;]<div class=\"key-icon-box icon-default icon-top cont-center ib-no-effect    with-border icon-no-background icon-no-border kd-animated fadeInUp\" style=\"background-color: transparent;border: 1px solid rgba(119,122,242,0.3);\" data-animation-delay=600><a href=\"https:\/\/royaldoener.ch\/en\/contact\" target=\"_self\"><div class=\"ib-wrapper\" style=\"padding-bottom:50px;\"><div class=\"ib-simple-icon-wrapper\" style=\"margin-bottom:30px;\"><i class=\"iconsmind-Support iconsmind-User-Interface\" style=\"font-size: 40px;font-weight: 400;\"><\/i> <\/div><h6 class=\"service-heading\" style=\"color: #ffffff;\">Soutien<\/h6><p style=\"color:#ffffff;\">Nous vous offrons aide et soutien pour vos pr\u00e9occupations.<\/p><\/div><\/a><\/div>[\/vc_column_inner][\/vc_row_inner][\/vc_column][\/vc_row]<\/p>\n<\/section>","protected":false},"excerpt":{"rendered":"<p>[vc_row full_width=&#8221;stretch_row_content_no_spaces&#8221; kd_background_image_position=&#8221;vc_row-bg-position-top&#8221; el_class=&#8221;hide-bg-on-mobile&#8221; css_tablet_portrait=&#8221;.vc_custom_1606131156444{padding-top: 0px !important;}&#8221; css_mobile=&#8221;.vc_custom_1606131156446{padding-top: 0px !important;}&#8221;][vc_column css=&#8221;.vc_custom_1513003956648{padding-top: 0px !important;}&#8221;][vc_row_inner full_width=&#8221;inner_row_contained&#8221; kd_background_image_position=&#8221;vc_row-bg-position-top&#8221; kd_background_overlay=&#8221;true&#8221; el_class=&#8221;border-bottom-radius&#8221; css=&#8221;.vc_custom_1627491521454{margin-right: 60px !important;margin-left: [&hellip;]<\/p>\n","protected":false},"author":1,"featured_media":0,"parent":0,"menu_order":0,"comment_status":"closed","ping_status":"closed","template":"","meta":{"footnotes":""},"class_list":["post-9554","page","type-page","status-publish","hentry"],"_links":{"self":[{"href":"https:\/\/royaldoener.ch\/fr\/wp-json\/wp\/v2\/pages\/9554","targetHints":{"allow":["GET"]}}],"collection":[{"href":"https:\/\/royaldoener.ch\/fr\/wp-json\/wp\/v2\/pages"}],"about":[{"href":"https:\/\/royaldoener.ch\/fr\/wp-json\/wp\/v2\/types\/page"}],"author":[{"embeddable":true,"href":"https:\/\/royaldoener.ch\/fr\/wp-json\/wp\/v2\/users\/1"}],"replies":[{"embeddable":true,"href":"https:\/\/royaldoener.ch\/fr\/wp-json\/wp\/v2\/comments?post=9554"}],"version-history":[{"count":42,"href":"https:\/\/royaldoener.ch\/fr\/wp-json\/wp\/v2\/pages\/9554\/revisions"}],"predecessor-version":[{"id":11087,"href":"https:\/\/royaldoener.ch\/fr\/wp-json\/wp\/v2\/pages\/9554\/revisions\/11087"}],"wp:attachment":[{"href":"https:\/\/royaldoener.ch\/fr\/wp-json\/wp\/v2\/media?parent=9554"}],"curies":[{"name":"wp","href":"https:\/\/api.w.org\/{rel}","templated":true}]}}