{"id":5752,"date":"2018-10-22T13:48:34","date_gmt":"2018-10-22T11:48:34","guid":{"rendered":"https:\/\/www.ekko-wp.com\/?page_id=5752"},"modified":"2024-03-07T21:46:28","modified_gmt":"2024-03-07T20:46:28","slug":"soutien","status":"publish","type":"page","link":"https:\/\/royaldoener.ch\/fr\/soutien\/","title":{"rendered":"Soutien"},"content":{"rendered":"<section class=\"wpb-content-wrapper\"><p>[vc_row full_width=&#8221;stretch_row&#8221; kd_background_image_position=&#8221;vc_row-bg-position-top&#8221; css=&#8221;.vc_custom_1605801327239{padding-top: 100px !important;padding-bottom: 100px !important;}&#8221; css_tablet_portrait=&#8221;.vc_custom_1605801327240{padding-bottom: 0px !important;}&#8221; css_mobile=&#8221;.vc_custom_1605801327240{padding-bottom: 0px !important;}&#8221; css_tablet_landscape=&#8221;.vc_custom_1605801327239{padding-bottom: 0px !important;}&#8221;][vc_column][vc_row_inner content_placement=&#8221;middle&#8221; kd_background_image_position=&#8221;vc_row-bg-position-top&#8221;][vc_column_inner el_class=&#8221;with-shadow&#8221; width=&#8221;1\/2&#8243; css=&#8221;.vc_custom_1686493850673{padding-top: 55px !important;padding-right: 85px !important;padding-bottom: 29px !important;padding-left: 85px !important;background-color: #ffffff !important;border-radius: 10px !important;}&#8221; css_tablet_landscape=&#8221;.vc_custom_1686493850673{margin-top: 50px !important;margin-bottom: 50px !important;padding-right: 40px !important;padding-left: 40px !important;}&#8221; offset=&#8221;vc_col-lg-6 vc_col-md-12&#8243; css_tablet_portrait=&#8221;.vc_custom_1686493850674{margin-bottom: 50px !important;padding-right: 15px !important;padding-left: 15px !important;}&#8221; css_mobile=&#8221;.vc_custom_1686493850674{margin-bottom: 50px !important;padding-right: 15px !important;padding-left: 15px !important;}&#8221; el_id=&#8221;form&#8221;]<header class=\"kd-section-title col-lg-12 text-center  subtitle-below-title kd-animated fadeIn   vc_custom_1709833399974\" data-animation-delay=200><h4 class=\"separator_off\" >Contactez-nous<\/h4><h6 class=\"subtitle\" style=\"font-size:15px;\">Veuillez remplir le formulaire de contact ci-dessous pour entrer en contact avec nous. Vous pouvez partager vos questions, suggestions ou demandes de collaboration avec nous.<\/h6><\/header><div class=\"kd-contact-form full-width-cf  cf-with-border   kd-animated fadeIn\" data-animation-delay=400>\n<div class=\"wpcf7 no-js\" id=\"wpcf7-f26-o1\" lang=\"en-US\" dir=\"ltr\" data-wpcf7-id=\"26\">\n<div class=\"screen-reader-response\"><p role=\"status\" aria-live=\"polite\" aria-atomic=\"true\"><\/p> <ul><\/ul><\/div>\n<form action=\"\/fr\/wp-json\/wp\/v2\/pages\/5752#wpcf7-f26-o1\" method=\"post\" class=\"wpcf7-form init\" aria-label=\"Contact form\" novalidate=\"novalidate\" data-status=\"init\">\n<fieldset class=\"hidden-fields-container\"><input type=\"hidden\" name=\"_wpcf7\" value=\"26\" \/><input type=\"hidden\" name=\"_wpcf7_version\" value=\"6.1.5\" \/><input type=\"hidden\" name=\"_wpcf7_locale\" value=\"en_US\" \/><input type=\"hidden\" name=\"_wpcf7_unit_tag\" value=\"wpcf7-f26-o1\" \/><input type=\"hidden\" name=\"_wpcf7_container_post\" value=\"0\" \/><input type=\"hidden\" name=\"_wpcf7_posted_data_hash\" value=\"\" \/><input type=\"hidden\" name=\"_wpcf7_recaptcha_response\" value=\"\" \/>\n<\/fieldset>\n<p><span class=\"wpcf7-form-control-wrap\" data-name=\"your-name\"><input size=\"40\" maxlength=\"400\" class=\"wpcf7-form-control wpcf7-text wpcf7-validates-as-required\" aria-required=\"true\" aria-invalid=\"false\" placeholder=\"Entrez votre nom\" value=\"\" type=\"text\" name=\"your-name\" \/><\/span><br \/>\n<span class=\"wpcf7-form-control-wrap\" data-name=\"your-email\"><input size=\"40\" maxlength=\"400\" class=\"wpcf7-form-control wpcf7-email wpcf7-validates-as-required wpcf7-text wpcf7-validates-as-email\" aria-required=\"true\" aria-invalid=\"false\" placeholder=\"Entrez votre email\" value=\"\" type=\"email\" name=\"your-email\" \/><\/span><br \/>\n<span class=\"wpcf7-form-control-wrap\" data-name=\"your-phone\"><input size=\"40\" maxlength=\"400\" class=\"wpcf7-form-control wpcf7-tel wpcf7-validates-as-required wpcf7-text wpcf7-validates-as-tel\" aria-required=\"true\" aria-invalid=\"false\" placeholder=\"Entrez votre num\u00e9ro de t\u00e9l\u00e9phone\" value=\"\" type=\"tel\" name=\"your-phone\" \/><\/span><br \/>\n<span class=\"wpcf7-form-control-wrap\" data-name=\"your-message\"><textarea cols=\"40\" rows=\"10\" maxlength=\"2000\" class=\"wpcf7-form-control wpcf7-textarea\" aria-invalid=\"false\" placeholder=\"Votre message\" name=\"your-message\"><\/textarea><\/span><br \/>\n<input class=\"wpcf7-form-control wpcf7-submit has-spinner\" type=\"submit\" value=\"Envoyer\" \/>\n<\/p><div class=\"wpcf7-response-output\" aria-hidden=\"true\"><\/div>\n<\/form>\n<\/div>\n<\/div>[\/vc_column_inner][vc_column_inner width=&#8221;1\/2&#8243; css=&#8221;.vc_custom_1600784379181{padding-top: 36px !important;padding-right: 37px !important;padding-left: 0px !important;}&#8221; css_tablet_landscape=&#8221;.vc_custom_1600784379181{padding-top: 0px !important;}&#8221; offset=&#8221;vc_col-lg-6 vc_col-md-12&#8243; css_tablet_portrait=&#8221;.vc_custom_1600784379182{padding-top: 0px !important;padding-right: 0px !important;}&#8221; css_mobile=&#8221;.vc_custom_1600784379182{padding-top: 0px !important;padding-right: 0px !important;}&#8221;][vc_toggle title=&#8221;Qu&#8217;est-ce qui distingue Royal D\u00f6ner en tant que plus grand producteur et distributeur de brochettes de kebab en Suisse ?&#8221; open=&#8221;true&#8221; css_animation=&#8221;fadeInUp&#8221;]Royal D\u00f6ner a atteint sa position de leader sur le march\u00e9 gr\u00e2ce \u00e0 une croissance continue et une forte demande des clients. L&#8217;entreprise met un grand accent sur l&#8217;assurance qualit\u00e9, la pr\u00e9paration douce et la production durable.[\/vc_toggle][vc_toggle title=&#8221;Quel soutien Royal D\u00f6ner offre-t-il aux nouveaux entrepreneurs lors de l&#8217;ouverture d&#8217;un \u00e9tablissement de d\u00f6ner ?&#8221; css_animation=&#8221;fadeInUp&#8221;]Royal D\u00f6ner fournit tous les composants n\u00e9cessaires pour \u00e9tablir votre restaurant de d\u00f6ner. Cela inclut du mat\u00e9riel de grillade gastro offert, des couteaux et des conteneurs thermiques. De plus, l&#8217;entreprise propose une formation pour le personnel de vente, une expertise en publicit\u00e9, un soutien commercial et un partenariat solide.[\/vc_toggle][vc_toggle title=&#8221;Quels standards de qualit\u00e9 et syst\u00e8mes de contr\u00f4le Royal D\u00f6ner utilise-t-il pour garantir l&#8217;hygi\u00e8ne alimentaire ?&#8221; css_animation=&#8221;fadeInUp&#8221;]Royal D\u00f6ner adh\u00e8re au concept HACCP (Analyse des Risques et ma\u00eetrise des Points Critiques) reconnu internationalement ainsi qu&#8217;aux &#8216;Principes G\u00e9n\u00e9raux d&#8217;Hygi\u00e8ne Alimentaire&#8217;. Ce syst\u00e8me de contr\u00f4le est mis en \u0153uvre dans tous les processus de production pour garantir une production, un stockage et une livraison alimentaire s\u00fbrs et de haute qualit\u00e9.[\/vc_toggle][vc_toggle title=&#8221;D&#8217;o\u00f9 proviennent les ingr\u00e9dients de Royal D\u00f6ner, et comment l&#8217;entreprise s&#8217;assure-t-elle que seuls des mati\u00e8res premi\u00e8res de haute qualit\u00e9 sont utilis\u00e9es ?&#8221; css_animation=&#8221;fadeInUp&#8221;]<\/p>\n<div class=\"group w-full text-gray-800 dark:text-gray-100 border-b border-black\/10 dark:border-gray-900\/50 bg-gray-50 dark:bg-[#444654]\">\n<div class=\"flex p-4 gap-4 text-base md:gap-6 md:max-w-2xl lg:max-w-[38rem] xl:max-w-3xl md:py-6 lg:px-0 m-auto\">\n<div class=\"relative flex w-[calc(100%-50px)] flex-col gap-1 md:gap-3 lg:w-[calc(100%-115px)]\">\n<div class=\"flex flex-grow flex-col gap-3\">\n<div class=\"min-h-[20px] flex flex-col items-start gap-4 whitespace-pre-wrap break-words\">\n<div class=\"markdown prose w-full break-words dark:prose-invert light\">\n<p>Royal D\u00f6ner se procure exclusivement ses mati\u00e8res premi\u00e8res aupr\u00e8s de producteurs offrant une garantie de qualit\u00e9. Une s\u00e9lection m\u00e9ticuleuse des fournisseurs, des accords stricts avec les fournisseurs et des contr\u00f4les rigoureux des marchandises entrantes garantissent que seules les mati\u00e8res premi\u00e8res de la meilleure qualit\u00e9 sont utilis\u00e9es dans la production.<\/p><\/div>\n<\/div>\n<\/div>\n<\/div>\n<\/div>\n<\/div>\n<p>[\/vc_toggle][\/vc_column_inner][\/vc_row_inner][\/vc_column][\/vc_row][vc_row full_width=&#8221;stretch_row_content_no_spaces&#8221; content_placement=&#8221;middle&#8221; kd_background_image_position=&#8221;vc_row-bg-position-top&#8221; kd_background_overlay=&#8221;true&#8221;][vc_column width=&#8221;1\/2&#8243; css=&#8221;.vc_custom_1522242793531{padding-top: 0px !important;}&#8221; offset=&#8221;vc_col-lg-6 vc_col-md-12&#8243;][vc_gmaps link=&#8221;#E-8_JTNDaWZyYW1lJTIwc3JjJTNEJTIyaHR0cHMlM0ElMkYlMkZ3d3cuZ29vZ2xlLmNvbSUyRm1hcHMlMkZlbWJlZCUzRnBiJTNEJTIxMW0xOCUyMTFtMTIlMjExbTMlMjExZDE2OC40NjM0MDc0MTM2MDk2JTIxMmQ4Ljc3NjYzNjczMjU0Nzk1NSUyMTNkNDcuNTAxMzE4MDIxMDQxODU0JTIxMm0zJTIxMWYwJTIxMmYwJTIxM2YwJTIxM20yJTIxMWkxMDI0JTIxMmk3NjglMjE0ZjEzLjElMjEzbTMlMjExbTIlMjExczB4NDc5YTk5ZjFiNTViNzRiMyUyNTNBMHhmYTVlZWI1NTA3ZTJmMmE0JTIxMnNSb3lhbCUyNTIwRCUyNUMzJTI1QjZuZXIlMjUyMEFHJTIxNWUwJTIxM20yJTIxMXNlbiUyMTJzYmUlMjE0djE2ODY0OTI5NTg3MjklMjE1bTIlMjExc2VuJTIxMnNiZSUyMiUyMHdpZHRoJTNEJTIyNjAwJTIyJTIwaGVpZ2h0JTNEJTIyNDUwJTIyJTIwc3R5bGUlM0QlMjJib3JkZXIlM0EwJTNCJTIyJTIwYWxsb3dmdWxsc2NyZWVuJTNEJTIyJTIyJTIwbG9hZGluZyUzRCUyMmxhenklMjIlMjByZWZlcnJlcnBvbGljeSUzRCUyMm5vLXJlZmVycmVyLXdoZW4tZG93bmdyYWRlJTIyJTNFJTNDJTJGaWZyYW1lJTNF&#8221; size=&#8221;&#8221; css_animation=&#8221;bounceInRight&#8221; css=&#8221;.vc_custom_1686493069624{margin-top: -34px !important;}&#8221;][\/vc_column][vc_column width=&#8221;1\/2&#8243; css=&#8221;.vc_custom_1598451985596{padding-top: 100px !important;padding-bottom: 100px !important;padding-left: 120px !important;}&#8221; offset=&#8221;vc_col-lg-6 vc_col-md-12&#8243; css_tablet_portrait=&#8221;.vc_custom_1598451985597{padding-right: 20px !important;padding-left: 20px !important;}&#8221; css_mobile=&#8221;.vc_custom_1598451985597{padding-right: 20px !important;padding-left: 20px !important;}&#8221;][vc_row_inner content_placement=&#8221;middle&#8221; kd_background_image_position=&#8221;vc_row-bg-position-top&#8221;][vc_column_inner width=&#8221;7\/12&#8243;]<div class=\"key-icon-box icon-default icon-left cont-left ib-no-effect     icon-no-background icon-with-border kd-animated fadeIn\" style=\"background-color: transparent;margin-bottom:40px;\" ><div class=\"ib-icon-wrapper\" style=\"border: 1px solid #bebffc;\"><i class=\"iconsmind-Map-Marker iconsmind-Maps-Locations\" style=\"font-size: 22px;font-weight: 700;\"><\/i> <\/div><h6 class=\"service-heading\" >Holzwingertstrasse 44, 8409 Winterthur, Switzerland<\/h6><p >Nous sommes fiers de coordonner notre production et notre distribution de brochettes de kebab de haute qualit\u00e9 ainsi que d'autres produits de commodit\u00e9 et compl\u00e9mentaires depuis cet emplacement central.<\/p><\/div><div class=\"key-icon-box icon-default icon-left cont-left ib-no-effect     icon-no-background icon-with-border kd-animated fadeIn\" style=\"background-color: transparent;margin-bottom:40px;\" data-animation-delay=200><div class=\"ib-icon-wrapper\" style=\"border: 1px solid #bebffc;\"><i class=\"iconsmind-Speach-Bubble iconsmind-Speech-Bubbles\" style=\"font-size: 22px;font-weight: 700;\"><\/i> <\/div><h6 class=\"service-heading\" >+41 52 233 02 00<br \/>\n+41 52 233 72 00<\/h6><p >N'h\u00e9sitez pas \u00e0 nous appeler. Notre \u00e9quipe sympathique est l\u00e0 pour vous aider et r\u00e9pondre \u00e0 toutes vos pr\u00e9occupations.<\/p><\/div><div class=\"key-icon-box icon-default icon-left cont-left ib-no-effect     icon-no-background icon-with-border kd-animated fadeIn\" style=\"background-color: transparent;\" data-animation-delay=400><div class=\"ib-icon-wrapper\" style=\"border: 1px solid #bebffc;\"><i class=\"iconsmind-Envelope-2 iconsmind-Emails\" style=\"font-size: 22px;font-weight: 700;\"><\/i> <\/div><h6 class=\"service-heading\" >info@royaldoener.ch<\/h6><p >Notre \u00e9quipe traitera votre e-mail d\u00e8s que possible et vous fournira des r\u00e9ponses. Nous sommes impatients de vous lire et de vous aider davantage.<\/p><\/div>[\/vc_column_inner][vc_column_inner width=&#8221;5\/12&#8243; offset=&#8221;vc_hidden-md vc_hidden-sm vc_hidden-xs&#8221;][\/vc_column_inner][\/vc_row_inner][\/vc_column][\/vc_row][vc_row full_width=&#8221;stretch_row&#8221; kd_background_image_position=&#8221;vc_row-bg-position-top&#8221; css=&#8221;.vc_custom_1686494812640{padding-top: 110px !important;background: #21233f url(https:\/\/royaldoener.ch\/en\/wp-content\/uploads\/2023\/06\/Map.png?id=10081) !important;background-position: 0 0 !important;background-repeat: no-repeat !important;}&#8221; el_class=&#8221;background-blend&#8221;][vc_column css=&#8221;.vc_custom_1597665991208{padding-right: 0px !important;padding-left: 0px !important;}&#8221;]<header class=\"kd-section-title col-lg-12 text-center  subtitle-below-title kd-animated fadeIn   vc_custom_1709839389914\" data-animation-delay=200><h2 class=\"separator_off\" style=\"color: #ffffff;\">Contactez-nous, nous sommes \u00e0 votre disposition.<br \/>\nR\u00e9ponse sous 24 heures.<\/h2><\/header>[vc_row_inner kd_background_image_position=&#8221;vc_row-bg-position-top&#8221; css_tablet_portrait=&#8221;.vc_custom_1611231204463{margin-bottom: 50px !important;}&#8221; css_mobile=&#8221;.vc_custom_1611231204463{margin-bottom: 0px !important;}&#8221;][vc_column_inner width=&#8221;1\/4&#8243; offset=&#8221;vc_col-lg-3 vc_col-md-6&#8243;]<div class=\"key-icon-box icon-default icon-top cont-center ib-no-effect    with-border icon-no-background icon-no-border kd-animated fadeInUp panel-trigger-btn\" style=\"background-color: transparent;border: 1px solid rgba(119,122,242,0.3);\" ><a href=\"\" target=\"_self\"><div class=\"ib-wrapper\" style=\"padding-bottom:50px;\"><div class=\"ib-simple-icon-wrapper\" style=\"margin-bottom:30px;\"><i class=\"iconsmind-Speach-BubbleComic2 iconsmind-Speech-Bubbles\" style=\"font-size: 40px;font-weight: 400;\"><\/i> <\/div><h6 class=\"service-heading\" style=\"color: #ffffff;\">R\u00e9ponse rapide<\/h6><p style=\"color:#ffffff;\">Vous pouvez nous envoyer un message rapidement et facilement ici.<\/p><\/div><\/a><\/div>[\/vc_column_inner][vc_column_inner width=&#8221;1\/4&#8243; offset=&#8221;vc_col-lg-3 vc_col-md-6&#8243;]<div class=\"key-icon-box icon-default icon-top cont-center ib-no-effect    with-border icon-no-background icon-no-border kd-animated fadeInUp\" style=\"background-color: transparent;border: 1px solid rgba(119,122,242,0.3);\" data-animation-delay=200><a href=\"tel:+41522330200\" target=\"_self\"><div class=\"ib-wrapper\" style=\"padding-bottom:50px;\"><div class=\"ib-simple-icon-wrapper\" style=\"margin-bottom:30px;\"><i class=\"iconsmind-Phone-2 iconsmind-Desktop-apps\" style=\"font-size: 40px;font-weight: 400;\"><\/i> <\/div><h6 class=\"service-heading\" style=\"color: #ffffff;\">Discutons!<\/h6><p style=\"color:#ffffff;\">Notre \u00e9quipe est l\u00e0 pour vous, pour \u00e9couter et trouver des solutions.<\/p><\/div><\/a><\/div>[\/vc_column_inner][vc_column_inner width=&#8221;1\/4&#8243; offset=&#8221;vc_col-lg-3 vc_col-md-6&#8243;]<div class=\"key-icon-box icon-default icon-top cont-center ib-no-effect    with-border icon-no-background icon-no-border kd-animated fadeInUp\" style=\"background-color: transparent;border: 1px solid rgba(119,122,242,0.3);\" data-animation-delay=400><a href=\"https:\/\/www.facebook.com\/royaldoener\" target=\"_blank\" rel=\"noopener\"><div class=\"ib-wrapper\" style=\"padding-bottom:50px;\"><div class=\"ib-simple-icon-wrapper\" style=\"margin-bottom:30px;\"><i class=\"iconsmind-Facebook iconsmind-Social-Media\" style=\"font-size: 40px;font-weight: 400;\"><\/i> <\/div><h6 class=\"service-heading\" style=\"color: #ffffff;\">M\u00e9dias Sociaux<\/h6><p style=\"color:#ffffff;\">Joignez-vous \u00e0 nous d\u00e8s maintenant sur les r\u00e9seaux sociaux!<\/p><\/div><\/a><\/div>[\/vc_column_inner][vc_column_inner width=&#8221;1\/4&#8243; offset=&#8221;vc_col-lg-3 vc_col-md-6&#8243;]<div class=\"key-icon-box icon-default icon-top cont-center ib-no-effect    with-border icon-no-background icon-no-border kd-animated fadeInUp\" style=\"background-color: transparent;border: 1px solid rgba(119,122,242,0.3);\" data-animation-delay=600><a href=\"https:\/\/royaldoener.ch\/en\/contact\" target=\"_self\"><div class=\"ib-wrapper\" style=\"padding-bottom:50px;\"><div class=\"ib-simple-icon-wrapper\" style=\"margin-bottom:30px;\"><i class=\"iconsmind-Support iconsmind-User-Interface\" style=\"font-size: 40px;font-weight: 400;\"><\/i> <\/div><h6 class=\"service-heading\" style=\"color: #ffffff;\">Soutien<\/h6><p style=\"color:#ffffff;\">Nous vous offrons aide et soutien pour vos pr\u00e9occupations.<\/p><\/div><\/a><\/div>[\/vc_column_inner][\/vc_row_inner][\/vc_column][\/vc_row]<\/p>\n<\/section>","protected":false},"excerpt":{"rendered":"<p>[vc_row full_width=&#8221;stretch_row&#8221; kd_background_image_position=&#8221;vc_row-bg-position-top&#8221; css=&#8221;.vc_custom_1605801327239{padding-top: 100px !important;padding-bottom: 100px !important;}&#8221; css_tablet_portrait=&#8221;.vc_custom_1605801327240{padding-bottom: 0px !important;}&#8221; css_mobile=&#8221;.vc_custom_1605801327240{padding-bottom: 0px !important;}&#8221; css_tablet_landscape=&#8221;.vc_custom_1605801327239{padding-bottom: 0px !important;}&#8221;][vc_column][vc_row_inner content_placement=&#8221;middle&#8221; kd_background_image_position=&#8221;vc_row-bg-position-top&#8221;][vc_column_inner el_class=&#8221;with-shadow&#8221; [&hellip;]<\/p>\n","protected":false},"author":1,"featured_media":8901,"parent":0,"menu_order":0,"comment_status":"closed","ping_status":"closed","template":"","meta":{"footnotes":""},"class_list":["post-5752","page","type-page","status-publish","has-post-thumbnail","hentry"],"_links":{"self":[{"href":"https:\/\/royaldoener.ch\/fr\/wp-json\/wp\/v2\/pages\/5752","targetHints":{"allow":["GET"]}}],"collection":[{"href":"https:\/\/royaldoener.ch\/fr\/wp-json\/wp\/v2\/pages"}],"about":[{"href":"https:\/\/royaldoener.ch\/fr\/wp-json\/wp\/v2\/types\/page"}],"author":[{"embeddable":true,"href":"https:\/\/royaldoener.ch\/fr\/wp-json\/wp\/v2\/users\/1"}],"replies":[{"embeddable":true,"href":"https:\/\/royaldoener.ch\/fr\/wp-json\/wp\/v2\/comments?post=5752"}],"version-history":[{"count":30,"href":"https:\/\/royaldoener.ch\/fr\/wp-json\/wp\/v2\/pages\/5752\/revisions"}],"predecessor-version":[{"id":11084,"href":"https:\/\/royaldoener.ch\/fr\/wp-json\/wp\/v2\/pages\/5752\/revisions\/11084"}],"wp:featuredmedia":[{"embeddable":true,"href":"https:\/\/royaldoener.ch\/fr\/wp-json\/wp\/v2\/media\/8901"}],"wp:attachment":[{"href":"https:\/\/royaldoener.ch\/fr\/wp-json\/wp\/v2\/media?parent=5752"}],"curies":[{"name":"wp","href":"https:\/\/api.w.org\/{rel}","templated":true}]}}