{"id":10296,"date":"2023-10-05T14:16:02","date_gmt":"2023-10-05T12:16:02","guid":{"rendered":"https:\/\/royaldoener.ch\/?page_id=10296"},"modified":"2024-03-07T21:20:22","modified_gmt":"2024-03-07T20:20:22","slug":"boutique","status":"publish","type":"page","link":"https:\/\/royaldoener.ch\/fr\/boutique\/","title":{"rendered":"Boutique"},"content":{"rendered":"<section class=\"wpb-content-wrapper\"><p>[vc_row full_width=&#8221;stretch_row&#8221; full_height=&#8221;yes&#8221; kd_background_image_position=&#8221;vc_row-bg-position-center&#8221; kd_bottom_separator_style=&#8221;waves&#8221; kd_bottom_separator_height=&#8221;separator-height-large&#8221; kd_background_overlay=&#8221;true&#8221; kd_bottom_separator=&#8221;true&#8221; css=&#8221;.vc_custom_1697710054680{padding-top: 210px !important;padding-bottom: 200px !important;background: #ece8f0 url(https:\/\/www.mazdektheme.com\/ebook\/wp-content\/uploads\/sites\/78\/2021\/09\/Ebook2.png?id=8744) !important;background-position: 0 0 !important;background-repeat: no-repeat !important;}&#8221; css_mobile=&#8221;.vc_custom_1697710054681{padding-top: 0px !important;padding-bottom: 150px !important;}&#8221; css_tablet_portrait=&#8221;.vc_custom_1697710054681{padding-top: 150px !important;padding-bottom: 150px !important;}&#8221; css_tablet_landscape=&#8221;.vc_custom_1697710054681{padding-top: 150px !important;}&#8221;][vc_column][vc_row_inner kd_background_image_position=&#8221;vc_row-bg-position-top&#8221;][vc_column_inner width=&#8221;2\/3&#8243; css=&#8221;.vc_custom_1631710394750{margin-left: 0px !important;padding-top: 50px !important;padding-right: 0px !important;padding-left: 0px !important;}&#8221; css_mobile=&#8221;.vc_custom_1631710394751{padding-top: 100px !important;}&#8221; css_tablet_portrait=&#8221;.vc_custom_1631710394751{padding-top: 0px !important;}&#8221; css_tablet_landscape=&#8221;.vc_custom_1631710394750{padding-top: 50px !important;}&#8221;]<header class=\"kd-section-title col-lg-12 text-left  subtitle-below-title kd-animated fadeIn   vc_custom_1709842819843\" data-animation-delay=200><h1 class=\"separator_off\" style=\"font-size: 60px;line-height: 70px;font-weight: 500;margin-bottom:35px;\">Bient\u00f4t Disponible !<\/h1><\/header>[vc_column_text css=&#8221;.vc_custom_1697709015204{margin-right: 50px !important;}&#8221;]Nous sommes ravis d&#8217;annoncer que notre site web est d\u00e9sormais en ligne, vous offrant un premier aper\u00e7u de nos offres ! Veuillez noter que la section boutique est encore en d\u00e9veloppement et certaines fonctionnalit\u00e9s peuvent ne pas \u00eatre disponibles pour le moment. Soyez assur\u00e9s que nous travaillons diligemment \u00e0 pr\u00e9parer tout cela pour vous. Merci pour votre patience et votre compr\u00e9hension. Bient\u00f4t, nous ouvrirons nos portes pour une exp\u00e9rience d&#8217;achat unique. Restez \u00e0 l&#8217;\u00e9coute pour explorer nos derniers produits et offres ![\/vc_column_text][vc_empty_space height=&#8221;50&#8243;]<a  href=\"https:\/\/royaldoener.ch\/en\/kontakt\/\"  target=\"_self\"  title=\"\"  class=\"tt_button tt_primary_button btn_primary_color  btn-align-left button-action-link icon_right  vc_custom_1709832598528 kd-animated zoomIn\" data-animation-delay=200><span class=\"prim_text\">Soutien<\/span><span class=\"fas fa-arrow-down iconita\" ><\/span><\/a>[\/vc_column_inner][vc_column_inner width=&#8221;1\/3&#8243; css=&#8221;.vc_custom_1631865883692{padding-right: 0px !important;padding-left: 0px !important;}&#8221; css_mobile=&#8221;.vc_custom_1631865883693{padding-top: 50px !important;}&#8221; css_tablet_landscape=&#8221;.vc_custom_1631865883692{padding-top: 50px !important;}&#8221;]<div class=\"video-container play-button-center small-video-btn cover-image-circle  kd-animated fadeInUp\" ><img loading=\"lazy\" decoding=\"async\" width=\"283\" height=\"283\" src=\"https:\/\/royaldoener.ch\/fr\/wp-content\/uploads\/2023\/10\/Royal-Doener-Logo.svg\" class=\"attachment-full\" alt=\"\" title=\"Royal-Doener-Logo\" \/><a data-toggle=\"modal\" data-target=\"#video-modal-kd-video-modal-69de22b10817a\" data-src=\"\" data-backdrop=\"true\" class=\" \"><span class=\"play-video\"><span class=\"mazdek-play\"><\/span><\/span><\/a><\/div><div class=\"modal fade video-modal\" id=\"video-modal-kd-video-modal-69de22b10817a\" role=\"dialog\">\n                            <div class=\"modal-content\">\n                            <button type=\"button\" class=\"close\" data-dismiss=\"modal\">\u00d7<\/button>\n                            <div class=\"row\"><video class=\"video-modal-local\" title=\"\" poster=\"\" height=\"400px\" controls>\n                              <source src=\"https:\/\/royaldoener.ch\/en\/wp-content\/uploads\/royal-doner.mp4\" type=\"video\/mp4\"><img decoding=\"async\" alt=\"\" src=\"\" title=\"Video playback is not supported by your browser\" \/>\n                              <\/video><\/div>\n                            <\/div>\n                        <\/div>[\/vc_column_inner][\/vc_row_inner][\/vc_column][\/vc_row]<\/p>\n<\/section>","protected":false},"excerpt":{"rendered":"<p>[vc_row full_width=&#8221;stretch_row&#8221; full_height=&#8221;yes&#8221; kd_background_image_position=&#8221;vc_row-bg-position-center&#8221; kd_bottom_separator_style=&#8221;waves&#8221; kd_bottom_separator_height=&#8221;separator-height-large&#8221; kd_background_overlay=&#8221;true&#8221; kd_bottom_separator=&#8221;true&#8221; css=&#8221;.vc_custom_1697710054680{padding-top: 210px !important;padding-bottom: 200px !important;background: #ece8f0 url(https:\/\/www.mazdektheme.com\/ebook\/wp-content\/uploads\/sites\/78\/2021\/09\/Ebook2.png?id=8744) !important;background-position: 0 0 !important;background-repeat: no-repeat [&hellip;]<\/p>\n","protected":false},"author":1,"featured_media":0,"parent":0,"menu_order":0,"comment_status":"closed","ping_status":"closed","template":"","meta":{"footnotes":""},"class_list":["post-10296","page","type-page","status-publish","hentry"],"_links":{"self":[{"href":"https:\/\/royaldoener.ch\/fr\/wp-json\/wp\/v2\/pages\/10296","targetHints":{"allow":["GET"]}}],"collection":[{"href":"https:\/\/royaldoener.ch\/fr\/wp-json\/wp\/v2\/pages"}],"about":[{"href":"https:\/\/royaldoener.ch\/fr\/wp-json\/wp\/v2\/types\/page"}],"author":[{"embeddable":true,"href":"https:\/\/royaldoener.ch\/fr\/wp-json\/wp\/v2\/users\/1"}],"replies":[{"embeddable":true,"href":"https:\/\/royaldoener.ch\/fr\/wp-json\/wp\/v2\/comments?post=10296"}],"version-history":[{"count":27,"href":"https:\/\/royaldoener.ch\/fr\/wp-json\/wp\/v2\/pages\/10296\/revisions"}],"predecessor-version":[{"id":11063,"href":"https:\/\/royaldoener.ch\/fr\/wp-json\/wp\/v2\/pages\/10296\/revisions\/11063"}],"wp:attachment":[{"href":"https:\/\/royaldoener.ch\/fr\/wp-json\/wp\/v2\/media?parent=10296"}],"curies":[{"name":"wp","href":"https:\/\/api.w.org\/{rel}","templated":true}]}}