{"id":10019,"date":"2023-06-11T15:38:21","date_gmt":"2023-06-11T13:38:21","guid":{"rendered":"https:\/\/royaldoener.ch\/?page_id=10019"},"modified":"2024-03-07T21:44:42","modified_gmt":"2024-03-07T20:44:42","slug":"conditions-dutilisation","status":"publish","type":"page","link":"https:\/\/royaldoener.ch\/fr\/conditions-dutilisation\/","title":{"rendered":"Conditions d&#8217;Utilisation"},"content":{"rendered":"<section class=\"wpb-content-wrapper\"><p>[vc_row full_width=&#8221;stretch_row&#8221; kd_background_image_position=&#8221;vc_row-bg-position-top&#8221; css=&#8221;.vc_custom_1686484442917{margin-top: 100px !important;margin-bottom: -50px !important;padding-top: 100px !important;}&#8221;][vc_column css=&#8221;.vc_custom_1515766787287{padding-right: 0px !important;padding-left: 0px !important;}&#8221;]<header class=\"kd-section-title col-lg-12 text-center  subtitle-below-title kd-animated fadeIn   vc_custom_1709763920361\" data-animation-delay=200><h2 class=\"separator_off\" style=\"font-size: 42px;font-weight: 500;\">Conditions d'utilisation<\/h2><\/header>[vc_row_inner kd_background_image_position=&#8221;vc_row-bg-position-top&#8221;][vc_column_inner width=&#8221;1\/2&#8243; css=&#8221;.vc_custom_1631866206704{padding-top: 50px !important;padding-right: 30px !important;padding-bottom: 0px !important;}&#8221; offset=&#8221;vc_col-lg-3 vc_col-md-6&#8243;]<header class=\"kd-section-title col-lg-12 text-left  subtitle-above-title kd-animated fadeIn   vc_custom_1686490718978\" data-animation-delay=200><h4 class=\"separator_off\" style=\"font-size: 22px;font-weight: 500;\">ROYAL D\u00d6NER<\/h4><\/header>[vc_column_text css=&#8221;.vc_custom_1709763948737{margin-bottom: 50px !important;}&#8221;]<strong>T\u00e9l\u00e9phone :<\/strong><\/p>\n<p>+41 52 233 02 00<\/p>\n<p>+41 52 233 72 00<\/p>\n<p><strong>E-Mail :<\/strong> info@royaldoener.ch[\/vc_column_text][\/vc_column_inner][vc_column_inner width=&#8221;1\/2&#8243; offset=&#8221;vc_hidden-md vc_hidden-sm&#8221;]<script>\n                jQuery(document).ready(function($){\n                  if ($(\".bp-content\").length) {\n                    setInterval(function(){\n                      var pos = $(\".bp-content\").scrollTop();\n                      $(\".bp-content\").scrollTop(pos + 1);\n                    }, 30)\n                  }\n                });<\/script><div class=\"bp-container \"><img decoding=\"async\" src=\"https:\/\/royaldoener.ch\/en\/wp-content\/uploads\/2023\/06\/ipad-mockup.png\" alt=\"\"  \/><div class=\"bp-content\"><strong>G\u00e9n\u00e9ralit\u00e9s<\/strong><br \/>\n1.1. Ces conditions d&#8217;utilisation s&#8217;appliquent \u00e0 l&#8217;acc\u00e8s et \u00e0 l&#8217;utilisation du site Web &#8220;royaldoener.ch&#8221; (ci-apr\u00e8s d\u00e9nomm\u00e9 le &#8220;Site Web&#8221;), exploit\u00e9 par l&#8217;entreprise Royal D\u00f6ner.<\/p>\n<p>1.2. En acc\u00e9dant et en utilisant ce Site Web, vous acceptez ces conditions d&#8217;utilisation ainsi que toutes les lois et r\u00e9glementations applicables. Si vous n&#8217;acceptez pas ces conditions d&#8217;utilisation, vous ne pouvez pas utiliser ce Site Web.<\/p>\n<p><strong>Droits d&#8217;auteur et droits des marques<\/strong><br \/>\n2.1. Tout le contenu de ce Site Web, y compris le texte, les images, les graphiques, les logos, les ic\u00f4nes, les photos et les logiciels, est la propri\u00e9t\u00e9 de Royal D\u00f6ner ou de ses conc\u00e9dants de licence et est prot\u00e9g\u00e9 par les lois suisses et internationales sur le droit d&#8217;auteur et les marques de commerce.<\/p>\n<p>2.2. Sans le consentement \u00e9crit pr\u00e9alable de Royal D\u00f6ner, vous ne pouvez pas copier, reproduire, r\u00e9utiliser, publier, modifier, t\u00e9l\u00e9charger, transmettre ou distribuer le contenu.<\/p>\n<p><strong>Politique de confidentialit\u00e9<\/strong><br \/>\n3.1. Royal D\u00f6ner respecte votre vie priv\u00e9e. Veuillez lire notre politique de confidentialit\u00e9, publi\u00e9e sur notre Site Web, pour comprendre comment nous collectons, utilisons et prot\u00e9geons vos donn\u00e9es personnelles.<\/p>\n<p><strong>Liens vers d&#8217;autres sites Web<\/strong><br \/>\n4.1. Notre Site Web peut contenir des liens vers des sites Web tiers. Nous n&#8217;assumons aucune responsabilit\u00e9 quant au contenu, aux politiques de confidentialit\u00e9 ou aux pratiques de ces sites Web tiers.<\/p>\n<p><strong>Limitation de responsabilit\u00e9<\/strong><br \/>\n5.1. Royal D\u00f6ner n&#8217;est pas responsable des dommages directs, indirects, accessoires, sp\u00e9ciaux ou cons\u00e9cutifs d\u00e9coulant de l&#8217;utilisation ou de l&#8217;incapacit\u00e9 d&#8217;utiliser ce Site Web.<\/p>\n<p><strong>Modification de ces conditions d&#8217;utilisation<\/strong><br \/>\n6.1. Royal D\u00f6ner se r\u00e9serve le droit de modifier ces conditions d&#8217;utilisation \u00e0 tout moment. Vous \u00eates responsable de consulter r\u00e9guli\u00e8rement les conditions d&#8217;utilisation.<\/p>\n<p><strong>Droit applicable et juridiction<\/strong><br \/>\n7.1. Ces conditions d&#8217;utilisation et tout litige d\u00e9coulant de ces conditions d&#8217;utilisation sont soumis aux lois suisses et seront tranch\u00e9s par les tribunaux suisses.<\/p>\n<p><strong>Contact<\/strong><br \/>\n8.1. Si vous avez des questions concernant ces conditions d&#8217;utilisation, veuillez nous contacter \u00e0 l&#8217;adresse info@royaldoener.ch<\/div>\n      \t\t\t<\/div>[\/vc_column_inner][\/vc_row_inner][\/vc_column][\/vc_row][vc_row full_width=&#8221;stretch_row&#8221; kd_background_image_position=&#8221;vc_row-bg-position-top&#8221; css=&#8221;.vc_custom_1686494812640{padding-top: 110px !important;background: #21233f url(https:\/\/royaldoener.ch\/en\/wp-content\/uploads\/2023\/06\/Map.png?id=10081) !important;background-position: 0 0 !important;background-repeat: no-repeat !important;}&#8221; el_class=&#8221;background-blend&#8221;][vc_column css=&#8221;.vc_custom_1597665991208{padding-right: 0px !important;padding-left: 0px !important;}&#8221;]<header class=\"kd-section-title col-lg-12 text-center  subtitle-below-title kd-animated fadeIn   vc_custom_1709764012430\" data-animation-delay=200><h2 class=\"separator_off\" style=\"color: #ffffff;\">Contactez-nous, nous sommes \u00e0 votre disposition.<br \/>\nR\u00e9ponse sous 24 heures.<\/h2><\/header>[vc_row_inner kd_background_image_position=&#8221;vc_row-bg-position-top&#8221; css_tablet_portrait=&#8221;.vc_custom_1611231204463{margin-bottom: 50px !important;}&#8221; css_mobile=&#8221;.vc_custom_1611231204463{margin-bottom: 0px !important;}&#8221;][vc_column_inner width=&#8221;1\/4&#8243; offset=&#8221;vc_col-lg-3 vc_col-md-6&#8243;]<div class=\"key-icon-box icon-default icon-top cont-center ib-no-effect    with-border icon-no-background icon-no-border kd-animated fadeInUp panel-trigger-btn\" style=\"background-color: transparent;border: 1px solid rgba(119,122,242,0.3);\" ><a href=\"\" target=\"_self\"><div class=\"ib-wrapper\" style=\"padding-bottom:50px;\"><div class=\"ib-simple-icon-wrapper\" style=\"margin-bottom:30px;\"><i class=\"iconsmind-Speach-BubbleComic2 iconsmind-Speech-Bubbles\" style=\"font-size: 40px;font-weight: 400;\"><\/i> <\/div><h6 class=\"service-heading\" style=\"color: #ffffff;\">R\u00e9ponse rapide<\/h6><p style=\"color:#ffffff;\">Vous pouvez nous envoyer un message rapidement et facilement ici.<\/p><\/div><\/a><\/div>[\/vc_column_inner][vc_column_inner width=&#8221;1\/4&#8243; offset=&#8221;vc_col-lg-3 vc_col-md-6&#8243;]<div class=\"key-icon-box icon-default icon-top cont-center ib-no-effect    with-border icon-no-background icon-no-border kd-animated fadeInUp\" style=\"background-color: transparent;border: 1px solid rgba(119,122,242,0.3);\" data-animation-delay=200><a href=\"tel:+41522330200\" target=\"_self\"><div class=\"ib-wrapper\" style=\"padding-bottom:50px;\"><div class=\"ib-simple-icon-wrapper\" style=\"margin-bottom:30px;\"><i class=\"iconsmind-Phone-2 iconsmind-Desktop-apps\" style=\"font-size: 40px;font-weight: 400;\"><\/i> <\/div><h6 class=\"service-heading\" style=\"color: #ffffff;\">Discutons!<\/h6><p style=\"color:#ffffff;\">Notre \u00e9quipe est l\u00e0 pour vous, pour \u00e9couter et trouver des solutions.<\/p><\/div><\/a><\/div>[\/vc_column_inner][vc_column_inner width=&#8221;1\/4&#8243; offset=&#8221;vc_col-lg-3 vc_col-md-6&#8243;]<div class=\"key-icon-box icon-default icon-top cont-center ib-no-effect    with-border icon-no-background icon-no-border kd-animated fadeInUp\" style=\"background-color: transparent;border: 1px solid rgba(119,122,242,0.3);\" data-animation-delay=400><a href=\"https:\/\/www.facebook.com\/royaldoener\" target=\"_blank\" rel=\"noopener\"><div class=\"ib-wrapper\" style=\"padding-bottom:50px;\"><div class=\"ib-simple-icon-wrapper\" style=\"margin-bottom:30px;\"><i class=\"iconsmind-Facebook iconsmind-Social-Media\" style=\"font-size: 40px;font-weight: 400;\"><\/i> <\/div><h6 class=\"service-heading\" style=\"color: #ffffff;\">M\u00e9dias Sociaux<\/h6><p style=\"color:#ffffff;\">Joignez-vous \u00e0 nous d\u00e8s maintenant sur les r\u00e9seaux sociaux!<\/p><\/div><\/a><\/div>[\/vc_column_inner][vc_column_inner width=&#8221;1\/4&#8243; offset=&#8221;vc_col-lg-3 vc_col-md-6&#8243;]<div class=\"key-icon-box icon-default icon-top cont-center ib-no-effect    with-border icon-no-background icon-no-border kd-animated fadeInUp\" style=\"background-color: transparent;border: 1px solid rgba(119,122,242,0.3);\" data-animation-delay=600><a href=\"https:\/\/royaldoener.ch\/en\/contact\" target=\"_self\"><div class=\"ib-wrapper\" style=\"padding-bottom:50px;\"><div class=\"ib-simple-icon-wrapper\" style=\"margin-bottom:30px;\"><i class=\"iconsmind-Support iconsmind-User-Interface\" style=\"font-size: 40px;font-weight: 400;\"><\/i> <\/div><h6 class=\"service-heading\" style=\"color: #ffffff;\">Soutien<\/h6><p style=\"color:#ffffff;\">Nous vous offrons aide et soutien pour vos pr\u00e9occupations.<\/p><\/div><\/a><\/div>[\/vc_column_inner][\/vc_row_inner][\/vc_column][\/vc_row]<\/p>\n<\/section>","protected":false},"excerpt":{"rendered":"<p>[vc_row full_width=&#8221;stretch_row&#8221; kd_background_image_position=&#8221;vc_row-bg-position-top&#8221; css=&#8221;.vc_custom_1686484442917{margin-top: 100px !important;margin-bottom: -50px !important;padding-top: 100px !important;}&#8221;][vc_column css=&#8221;.vc_custom_1515766787287{padding-right: 0px !important;padding-left: 0px !important;}&#8221;][vc_row_inner kd_background_image_position=&#8221;vc_row-bg-position-top&#8221;][vc_column_inner width=&#8221;1\/2&#8243; css=&#8221;.vc_custom_1631866206704{padding-top: 50px !important;padding-right: [&hellip;]<\/p>\n","protected":false},"author":1,"featured_media":0,"parent":0,"menu_order":0,"comment_status":"closed","ping_status":"closed","template":"","meta":{"footnotes":""},"class_list":["post-10019","page","type-page","status-publish","hentry"],"_links":{"self":[{"href":"https:\/\/royaldoener.ch\/fr\/wp-json\/wp\/v2\/pages\/10019","targetHints":{"allow":["GET"]}}],"collection":[{"href":"https:\/\/royaldoener.ch\/fr\/wp-json\/wp\/v2\/pages"}],"about":[{"href":"https:\/\/royaldoener.ch\/fr\/wp-json\/wp\/v2\/types\/page"}],"author":[{"embeddable":true,"href":"https:\/\/royaldoener.ch\/fr\/wp-json\/wp\/v2\/users\/1"}],"replies":[{"embeddable":true,"href":"https:\/\/royaldoener.ch\/fr\/wp-json\/wp\/v2\/comments?post=10019"}],"version-history":[{"count":21,"href":"https:\/\/royaldoener.ch\/fr\/wp-json\/wp\/v2\/pages\/10019\/revisions"}],"predecessor-version":[{"id":11077,"href":"https:\/\/royaldoener.ch\/fr\/wp-json\/wp\/v2\/pages\/10019\/revisions\/11077"}],"wp:attachment":[{"href":"https:\/\/royaldoener.ch\/fr\/wp-json\/wp\/v2\/media?parent=10019"}],"curies":[{"name":"wp","href":"https:\/\/api.w.org\/{rel}","templated":true}]}}