{"id":10012,"date":"2023-06-11T13:40:38","date_gmt":"2023-06-11T11:40:38","guid":{"rendered":"https:\/\/royaldoener.ch\/?page_id=10012"},"modified":"2024-03-07T21:45:59","modified_gmt":"2024-03-07T20:45:59","slug":"mentions-legales","status":"publish","type":"page","link":"https:\/\/royaldoener.ch\/fr\/mentions-legales\/","title":{"rendered":"Mentions L\u00e9gales"},"content":{"rendered":"<section class=\"wpb-content-wrapper\"><p>[vc_row full_width=&#8221;stretch_row&#8221; kd_background_image_position=&#8221;vc_row-bg-position-top&#8221; css=&#8221;.vc_custom_1686484442917{margin-top: 100px !important;margin-bottom: -50px !important;padding-top: 100px !important;}&#8221;][vc_column css=&#8221;.vc_custom_1515766787287{padding-right: 0px !important;padding-left: 0px !important;}&#8221;]<header class=\"kd-section-title col-lg-12 text-center  subtitle-below-title kd-animated fadeIn   vc_custom_1709763443376\" data-animation-delay=200><h2 class=\"separator_off\" style=\"font-size: 42px;font-weight: 500;\">Mentions l\u00e9gales<\/h2><\/header>[vc_row_inner kd_background_image_position=&#8221;vc_row-bg-position-top&#8221;][vc_column_inner width=&#8221;1\/2&#8243; css=&#8221;.vc_custom_1631866206704{padding-top: 50px !important;padding-right: 30px !important;padding-bottom: 0px !important;}&#8221; offset=&#8221;vc_col-lg-3 vc_col-md-6&#8243;][vc_column_text css=&#8221;.vc_custom_1709763664997{margin-bottom: 50px !important;}&#8221;]Cet avis l\u00e9gal est conforme aux lois suisses et vise \u00e0 fournir une repr\u00e9sentation appropri\u00e9e et transparente des donn\u00e9es de l&#8217;entreprise et des coordonn\u00e9es de contact de <strong>Royal D\u00f6ner<\/strong>.[\/vc_column_text]<header class=\"kd-section-title col-lg-12 text-left  subtitle-above-title kd-animated fadeIn   vc_custom_1686490729057\" data-animation-delay=200><h4 class=\"separator_off\" style=\"font-size: 22px;font-weight: 500;\">ROYAL D\u00d6NER<\/h4><\/header>[vc_column_text css=&#8221;.vc_custom_1709763695526{margin-bottom: 50px !important;}&#8221;]<strong>T\u00e9l\u00e9phone :<\/strong><\/p>\n<p><strong>t.<\/strong> +41 52 233 02 00<\/p>\n<p><strong>f.<\/strong> +41 52 233 72 00<\/p>\n<p><strong>E-Mail :<\/strong> info@royaldoener.ch[\/vc_column_text][\/vc_column_inner][vc_column_inner width=&#8221;1\/2&#8243; offset=&#8221;vc_hidden-md vc_hidden-sm&#8221;]<script>\n                jQuery(document).ready(function($){\n                  if ($(\".bp-content\").length) {\n                    setInterval(function(){\n                      var pos = $(\".bp-content\").scrollTop();\n                      $(\".bp-content\").scrollTop(pos + 1);\n                    }, 30)\n                  }\n                });<\/script><div class=\"bp-container \"><img decoding=\"async\" src=\"https:\/\/royaldoener.ch\/en\/wp-content\/uploads\/2023\/06\/ipad-mockup.png\" alt=\"\"  \/><div class=\"bp-content\"><\/p>\n<h3 style=\"text-align: left;\">Nom de l&#8217;entreprise<\/h3>\n<p style=\"text-align: left;\"><strong>Royal D\u00f6ner AG<\/strong><\/p>\n<p style=\"text-align: left;\"><strong>Secteur :<\/strong> Transformation de viande et de poisson<\/p>\n<p style=\"text-align: left;\"><strong>Fond\u00e9e :<\/strong> 21 f\u00e9vrier 2007<\/p>\n<p style=\"text-align: left;\"><strong>Num\u00e9ro d&#8217;enregistrement commercial :<\/strong> CH-020.3.030.720-4<\/p>\n<p style=\"text-align: left;\"><strong>Num\u00e9ro de TVA :<\/strong> CHE-113.457.384<\/p>\n<h3 style=\"text-align: left;\">Directeur G\u00e9n\u00e9ral<\/h3>\n<p style=\"text-align: left;\">Zeynel Demir<\/p>\n<h3><strong>Signataires autoris\u00e9s<\/strong> :<\/h3>\n<p>Lara Demir<br \/>\nSivan Demir<\/p>\n<h3 style=\"text-align: left;\">Adresse<\/h3>\n<p style=\"text-align: left;\">Holzwingertstrasse 42-44, 8409 Winterthour, Suisse<\/p>\n<h3 style=\"text-align: left;\">T\u00e9l\u00e9phone<\/h3>\n<p><!-- Aucun num\u00e9ro de t\u00e9l\u00e9phone fourni dans le texte original, je garde donc les mod\u00e8les --><\/p>\n<p style=\"text-align: left;\"><strong>t.<\/strong> +41 52 233 02 00<\/p>\n<p style=\"text-align: left;\"><strong>f.<\/strong> +41 52 233 72 00<\/p>\n<h3 style=\"text-align: left;\">Email<\/h3>\n<p style=\"text-align: left;\">info@royaldoener.ch<\/p>\n<h3 style=\"text-align: left;\">Responsable du contenu<\/h3>\n<p style=\"text-align: left;\"><strong>Royal D\u00f6ner AG<\/strong><\/p>\n<p style=\"text-align: left;\">Holzwingertstrasse 42-44, 8409 Winterthour, Suisse<\/p>\n<p style=\"text-align: left;\">Remarque : Cette mention l\u00e9gale est conforme aux lois suisses et vise \u00e0 afficher de mani\u00e8re transparente les donn\u00e9es de l&#8217;entreprise et les coordonn\u00e9es de contact de Royal D\u00f6ner AG.<\/p>\n<p>Ce site web a \u00e9t\u00e9 con\u00e7u et d\u00e9velopp\u00e9 par <a href=\"https:\/\/mazdek.ch\" target=\"_blank\" rel=\"noopener\"><strong>mazdek<\/strong><\/a>.<\/div>\n      \t\t\t<\/div>[\/vc_column_inner][\/vc_row_inner][\/vc_column][\/vc_row][vc_row full_width=&#8221;stretch_row&#8221; kd_background_image_position=&#8221;vc_row-bg-position-top&#8221; css=&#8221;.vc_custom_1686494812640{padding-top: 110px !important;background: #21233f url(https:\/\/royaldoener.ch\/en\/wp-content\/uploads\/2023\/06\/Map.png?id=10081) !important;background-position: 0 0 !important;background-repeat: no-repeat !important;}&#8221; el_class=&#8221;background-blend&#8221;][vc_column css=&#8221;.vc_custom_1597665991208{padding-right: 0px !important;padding-left: 0px !important;}&#8221;]<header class=\"kd-section-title col-lg-12 text-center  subtitle-below-title kd-animated fadeIn   vc_custom_1709763724407\" data-animation-delay=200><h2 class=\"separator_off\" style=\"color: #ffffff;\">Contactez-nous, nous sommes \u00e0 votre disposition.<br \/>\nR\u00e9ponse sous 24 heures.<\/h2><\/header>[vc_row_inner kd_background_image_position=&#8221;vc_row-bg-position-top&#8221; css_tablet_portrait=&#8221;.vc_custom_1611231204463{margin-bottom: 50px !important;}&#8221; css_mobile=&#8221;.vc_custom_1611231204463{margin-bottom: 0px !important;}&#8221;][vc_column_inner width=&#8221;1\/4&#8243; offset=&#8221;vc_col-lg-3 vc_col-md-6&#8243;]<div class=\"key-icon-box icon-default icon-top cont-center ib-no-effect    with-border icon-no-background icon-no-border kd-animated fadeInUp panel-trigger-btn\" style=\"background-color: transparent;border: 1px solid rgba(119,122,242,0.3);\" ><a href=\"\" target=\"_self\"><div class=\"ib-wrapper\" style=\"padding-bottom:50px;\"><div class=\"ib-simple-icon-wrapper\" style=\"margin-bottom:30px;\"><i class=\"iconsmind-Speach-BubbleComic2 iconsmind-Speech-Bubbles\" style=\"font-size: 40px;font-weight: 400;\"><\/i> <\/div><h6 class=\"service-heading\" style=\"color: #ffffff;\">R\u00e9ponse rapide<\/h6><p style=\"color:#ffffff;\">Vous pouvez nous envoyer un message rapidement et facilement ici.<\/p><\/div><\/a><\/div>[\/vc_column_inner][vc_column_inner width=&#8221;1\/4&#8243; offset=&#8221;vc_col-lg-3 vc_col-md-6&#8243;]<div class=\"key-icon-box icon-default icon-top cont-center ib-no-effect    with-border icon-no-background icon-no-border kd-animated fadeInUp\" style=\"background-color: transparent;border: 1px solid rgba(119,122,242,0.3);\" data-animation-delay=200><a href=\"tel:+41522330200\" target=\"_self\"><div class=\"ib-wrapper\" style=\"padding-bottom:50px;\"><div class=\"ib-simple-icon-wrapper\" style=\"margin-bottom:30px;\"><i class=\"iconsmind-Phone-2 iconsmind-Desktop-apps\" style=\"font-size: 40px;font-weight: 400;\"><\/i> <\/div><h6 class=\"service-heading\" style=\"color: #ffffff;\">Discutons!<\/h6><p style=\"color:#ffffff;\">Notre \u00e9quipe est l\u00e0 pour vous, pour \u00e9couter et trouver des solutions.<\/p><\/div><\/a><\/div>[\/vc_column_inner][vc_column_inner width=&#8221;1\/4&#8243; offset=&#8221;vc_col-lg-3 vc_col-md-6&#8243;]<div class=\"key-icon-box icon-default icon-top cont-center ib-no-effect    with-border icon-no-background icon-no-border kd-animated fadeInUp\" style=\"background-color: transparent;border: 1px solid rgba(119,122,242,0.3);\" data-animation-delay=400><a href=\"https:\/\/www.facebook.com\/royaldoener\" target=\"_blank\" rel=\"noopener\"><div class=\"ib-wrapper\" style=\"padding-bottom:50px;\"><div class=\"ib-simple-icon-wrapper\" style=\"margin-bottom:30px;\"><i class=\"iconsmind-Facebook iconsmind-Social-Media\" style=\"font-size: 40px;font-weight: 400;\"><\/i> <\/div><h6 class=\"service-heading\" style=\"color: #ffffff;\">M\u00e9dias Sociaux<\/h6><p style=\"color:#ffffff;\">Joignez-vous \u00e0 nous d\u00e8s maintenant sur les r\u00e9seaux sociaux!<\/p><\/div><\/a><\/div>[\/vc_column_inner][vc_column_inner width=&#8221;1\/4&#8243; offset=&#8221;vc_col-lg-3 vc_col-md-6&#8243;]<div class=\"key-icon-box icon-default icon-top cont-center ib-no-effect    with-border icon-no-background icon-no-border kd-animated fadeInUp\" style=\"background-color: transparent;border: 1px solid rgba(119,122,242,0.3);\" data-animation-delay=600><a href=\"https:\/\/royaldoener.ch\/en\/contact\" target=\"_self\"><div class=\"ib-wrapper\" style=\"padding-bottom:50px;\"><div class=\"ib-simple-icon-wrapper\" style=\"margin-bottom:30px;\"><i class=\"iconsmind-Support iconsmind-User-Interface\" style=\"font-size: 40px;font-weight: 400;\"><\/i> <\/div><h6 class=\"service-heading\" style=\"color: #ffffff;\">Soutien<\/h6><p style=\"color:#ffffff;\">Nous vous offrons aide et soutien pour vos pr\u00e9occupations.<\/p><\/div><\/a><\/div>[\/vc_column_inner][\/vc_row_inner][\/vc_column][\/vc_row]<\/p>\n<\/section>","protected":false},"excerpt":{"rendered":"<p>[vc_row full_width=&#8221;stretch_row&#8221; kd_background_image_position=&#8221;vc_row-bg-position-top&#8221; css=&#8221;.vc_custom_1686484442917{margin-top: 100px !important;margin-bottom: -50px !important;padding-top: 100px !important;}&#8221;][vc_column css=&#8221;.vc_custom_1515766787287{padding-right: 0px !important;padding-left: 0px !important;}&#8221;][vc_row_inner kd_background_image_position=&#8221;vc_row-bg-position-top&#8221;][vc_column_inner width=&#8221;1\/2&#8243; css=&#8221;.vc_custom_1631866206704{padding-top: 50px !important;padding-right: [&hellip;]<\/p>\n","protected":false},"author":1,"featured_media":0,"parent":0,"menu_order":0,"comment_status":"closed","ping_status":"closed","template":"","meta":{"footnotes":""},"class_list":["post-10012","page","type-page","status-publish","hentry"],"_links":{"self":[{"href":"https:\/\/royaldoener.ch\/fr\/wp-json\/wp\/v2\/pages\/10012","targetHints":{"allow":["GET"]}}],"collection":[{"href":"https:\/\/royaldoener.ch\/fr\/wp-json\/wp\/v2\/pages"}],"about":[{"href":"https:\/\/royaldoener.ch\/fr\/wp-json\/wp\/v2\/types\/page"}],"author":[{"embeddable":true,"href":"https:\/\/royaldoener.ch\/fr\/wp-json\/wp\/v2\/users\/1"}],"replies":[{"embeddable":true,"href":"https:\/\/royaldoener.ch\/fr\/wp-json\/wp\/v2\/comments?post=10012"}],"version-history":[{"count":29,"href":"https:\/\/royaldoener.ch\/fr\/wp-json\/wp\/v2\/pages\/10012\/revisions"}],"predecessor-version":[{"id":11081,"href":"https:\/\/royaldoener.ch\/fr\/wp-json\/wp\/v2\/pages\/10012\/revisions\/11081"}],"wp:attachment":[{"href":"https:\/\/royaldoener.ch\/fr\/wp-json\/wp\/v2\/media?parent=10012"}],"curies":[{"name":"wp","href":"https:\/\/api.w.org\/{rel}","templated":true}]}}